{"id":179,"date":"2024-01-11T18:47:07","date_gmt":"2024-01-11T18:47:07","guid":{"rendered":"https:\/\/sevgiatamis.com\/?page_id=179"},"modified":"2024-06-06T15:03:06","modified_gmt":"2024-06-06T14:03:06","slug":"suluboya","status":"publish","type":"page","link":"https:\/\/sevgiatamis.com\/?page_id=179","title":{"rendered":"SULU BOYA"},"content":{"rendered":"\n<div class=\"wp-block-columns is-layout-flex wp-container-core-columns-layout-1 wp-block-columns-is-layout-flex\">\n<div class=\"wp-block-column is-layout-flow wp-block-column-is-layout-flow\" style=\"flex-basis:50%\">\n<figure data-wp-context=\"{ &quot;core&quot;:\n\t\t\t\t{ &quot;image&quot;:\n\t\t\t\t\t{   &quot;imageLoaded&quot;: false,\n\t\t\t\t\t\t&quot;initialized&quot;: false,\n\t\t\t\t\t\t&quot;lightboxEnabled&quot;: false,\n\t\t\t\t\t\t&quot;hideAnimationEnabled&quot;: false,\n\t\t\t\t\t\t&quot;preloadInitialized&quot;: false,\n\t\t\t\t\t\t&quot;lightboxAnimation&quot;: &quot;zoom&quot;,\n\t\t\t\t\t\t&quot;imageUploadedSrc&quot;: &quot;https:\/\/sevgiatamis.com\/wp-content\/uploads\/2024\/01\/DSC_0525-Edit.jpg&quot;,\n\t\t\t\t\t\t&quot;imageCurrentSrc&quot;: &quot;&quot;,\n\t\t\t\t\t\t&quot;targetWidth&quot;: &quot;978&quot;,\n\t\t\t\t\t\t&quot;targetHeight&quot;: &quot;1475&quot;,\n\t\t\t\t\t\t&quot;scaleAttr&quot;: &quot;&quot;,\n\t\t\t\t\t\t&quot;dialogLabel&quot;: &quot;Enlarged image&quot;\n\t\t\t\t\t}\n\t\t\t\t}\n\t\t\t}\" data-wp-interactive class=\"wp-block-image size-large wp-lightbox-container\"><img loading=\"lazy\" decoding=\"async\" width=\"679\" height=\"1024\" data-wp-effect--setStylesOnResize=\"effects.core.image.setStylesOnResize\" data-wp-effect=\"effects.core.image.setButtonStyles\" data-wp-init=\"effects.core.image.initOriginImage\" data-wp-on--click=\"actions.core.image.showLightbox\" data-wp-on--load=\"actions.core.image.handleLoad\" src=\"https:\/\/sevgiatamis.com\/wp-content\/uploads\/2024\/01\/DSC_0525-Edit-679x1024.jpg\" alt=\"\" class=\"wp-image-187\" srcset=\"https:\/\/sevgiatamis.com\/wp-content\/uploads\/2024\/01\/DSC_0525-Edit-679x1024.jpg 679w, https:\/\/sevgiatamis.com\/wp-content\/uploads\/2024\/01\/DSC_0525-Edit-199x300.jpg 199w, https:\/\/sevgiatamis.com\/wp-content\/uploads\/2024\/01\/DSC_0525-Edit-768x1158.jpg 768w, https:\/\/sevgiatamis.com\/wp-content\/uploads\/2024\/01\/DSC_0525-Edit-40x60.jpg 40w, https:\/\/sevgiatamis.com\/wp-content\/uploads\/2024\/01\/DSC_0525-Edit.jpg 978w\" sizes=\"(max-width: 679px) 100vw, 679px\" \/><button\n\t\t\tclass=\"lightbox-trigger\"\n\t\t\ttype=\"button\"\n\t\t\taria-haspopup=\"dialog\"\n\t\t\taria-label=\"Enlarge image\"\n\t\t\tdata-wp-on--click=\"actions.core.image.showLightbox\"\n\t\t\tdata-wp-style--right=\"context.core.image.imageButtonRight\"\n\t\t\tdata-wp-style--top=\"context.core.image.imageButtonTop\"\n\t\t>\n\t\t\t<svg xmlns=\"http:\/\/www.w3.org\/2000\/svg\" width=\"12\" height=\"12\" fill=\"none\" viewBox=\"0 0 12 12\">\n\t\t\t\t<path fill=\"#fff\" d=\"M2 0a2 2 0 0 0-2 2v2h1.5V2a.5.5 0 0 1 .5-.5h2V0H2Zm2 10.5H2a.5.5 0 0 1-.5-.5V8H0v2a2 2 0 0 0 2 2h2v-1.5ZM8 12v-1.5h2a.5.5 0 0 0 .5-.5V8H12v2a2 2 0 0 1-2 2H8Zm2-12a2 2 0 0 1 2 2v2h-1.5V2a.5.5 0 0 0-.5-.5H8V0h2Z\" \/>\n\t\t\t<\/svg>\n\t\t<\/button>        <div data-wp-body=\"\" class=\"wp-lightbox-overlay zoom\"\n            data-wp-bind--role=\"selectors.core.image.roleAttribute\"\n            data-wp-bind--aria-label=\"selectors.core.image.dialogLabel\"\n            data-wp-class--initialized=\"context.core.image.initialized\"\n            data-wp-class--active=\"context.core.image.lightboxEnabled\"\n            data-wp-class--hideAnimationEnabled=\"context.core.image.hideAnimationEnabled\"\n            data-wp-bind--aria-modal=\"selectors.core.image.ariaModal\"\n            data-wp-effect=\"effects.core.image.initLightbox\"\n            data-wp-on--keydown=\"actions.core.image.handleKeydown\"\n            data-wp-on--touchstart=\"actions.core.image.handleTouchStart\"\n            data-wp-on--touchmove=\"actions.core.image.handleTouchMove\"\n            data-wp-on--touchend=\"actions.core.image.handleTouchEnd\"\n            data-wp-on--click=\"actions.core.image.hideLightbox\"\n            tabindex=\"-1\"\n            >\n                <button type=\"button\" aria-label=\"Close\" style=\"fill: #000\" class=\"close-button\" data-wp-on--click=\"actions.core.image.hideLightbox\">\n                    <svg xmlns=\"http:\/\/www.w3.org\/2000\/svg\" viewBox=\"0 0 24 24\" width=\"20\" height=\"20\" aria-hidden=\"true\" focusable=\"false\"><path d=\"M13 11.8l6.1-6.3-1-1-6.1 6.2-6.1-6.2-1 1 6.1 6.3-6.5 6.7 1 1 6.5-6.6 6.5 6.6 1-1z\"><\/path><\/svg>\n                <\/button>\n                <div class=\"lightbox-image-container\">\n<figure class=\"wp-block-image size-large responsive-image\"><img decoding=\"async\" data-wp-bind--src=\"context.core.image.imageCurrentSrc\" data-wp-style--object-fit=\"selectors.core.image.lightboxObjectFit\" src=\"\" alt=\"\" class=\"wp-image-187\"\/><\/figure>\n<\/div>\n                <div class=\"lightbox-image-container\">\n<figure class=\"wp-block-image size-large enlarged-image\"><img decoding=\"async\" data-wp-bind--src=\"selectors.core.image.enlargedImgSrc\" data-wp-style--object-fit=\"selectors.core.image.lightboxObjectFit\" src=\"\" alt=\"\" class=\"wp-image-187\"\/><\/figure>\n<\/div>\n                <div class=\"scrim\" style=\"background-color: #fff\" aria-hidden=\"true\"><\/div>\n        <\/div><\/figure>\n\n\n\n<p>Surp Giragos Kilisesi \/ 35&#215;50 cm \/ Sulu Boya \/ 2023<\/p>\n<\/div>\n\n\n\n<div class=\"wp-block-column is-layout-flow wp-block-column-is-layout-flow\" style=\"flex-basis:51%\">\n<figure data-wp-context=\"{ &quot;core&quot;:\n\t\t\t\t{ &quot;image&quot;:\n\t\t\t\t\t{   &quot;imageLoaded&quot;: false,\n\t\t\t\t\t\t&quot;initialized&quot;: false,\n\t\t\t\t\t\t&quot;lightboxEnabled&quot;: false,\n\t\t\t\t\t\t&quot;hideAnimationEnabled&quot;: false,\n\t\t\t\t\t\t&quot;preloadInitialized&quot;: false,\n\t\t\t\t\t\t&quot;lightboxAnimation&quot;: &quot;zoom&quot;,\n\t\t\t\t\t\t&quot;imageUploadedSrc&quot;: &quot;https:\/\/sevgiatamis.com\/wp-content\/uploads\/2024\/01\/DSC_0520-Edit.jpg&quot;,\n\t\t\t\t\t\t&quot;imageCurrentSrc&quot;: &quot;&quot;,\n\t\t\t\t\t\t&quot;targetWidth&quot;: &quot;994&quot;,\n\t\t\t\t\t\t&quot;targetHeight&quot;: &quot;1474&quot;,\n\t\t\t\t\t\t&quot;scaleAttr&quot;: &quot;&quot;,\n\t\t\t\t\t\t&quot;dialogLabel&quot;: &quot;Enlarged image&quot;\n\t\t\t\t\t}\n\t\t\t\t}\n\t\t\t}\" data-wp-interactive class=\"wp-block-image size-large wp-lightbox-container\"><img loading=\"lazy\" decoding=\"async\" width=\"691\" height=\"1024\" data-wp-effect--setStylesOnResize=\"effects.core.image.setStylesOnResize\" data-wp-effect=\"effects.core.image.setButtonStyles\" data-wp-init=\"effects.core.image.initOriginImage\" data-wp-on--click=\"actions.core.image.showLightbox\" data-wp-on--load=\"actions.core.image.handleLoad\" src=\"https:\/\/sevgiatamis.com\/wp-content\/uploads\/2024\/01\/DSC_0520-Edit-691x1024.jpg\" alt=\"\" class=\"wp-image-188\" srcset=\"https:\/\/sevgiatamis.com\/wp-content\/uploads\/2024\/01\/DSC_0520-Edit-691x1024.jpg 691w, https:\/\/sevgiatamis.com\/wp-content\/uploads\/2024\/01\/DSC_0520-Edit-202x300.jpg 202w, https:\/\/sevgiatamis.com\/wp-content\/uploads\/2024\/01\/DSC_0520-Edit-768x1139.jpg 768w, https:\/\/sevgiatamis.com\/wp-content\/uploads\/2024\/01\/DSC_0520-Edit-40x60.jpg 40w, https:\/\/sevgiatamis.com\/wp-content\/uploads\/2024\/01\/DSC_0520-Edit.jpg 994w\" sizes=\"(max-width: 691px) 100vw, 691px\" \/><button\n\t\t\tclass=\"lightbox-trigger\"\n\t\t\ttype=\"button\"\n\t\t\taria-haspopup=\"dialog\"\n\t\t\taria-label=\"Enlarge image\"\n\t\t\tdata-wp-on--click=\"actions.core.image.showLightbox\"\n\t\t\tdata-wp-style--right=\"context.core.image.imageButtonRight\"\n\t\t\tdata-wp-style--top=\"context.core.image.imageButtonTop\"\n\t\t>\n\t\t\t<svg xmlns=\"http:\/\/www.w3.org\/2000\/svg\" width=\"12\" height=\"12\" fill=\"none\" viewBox=\"0 0 12 12\">\n\t\t\t\t<path fill=\"#fff\" d=\"M2 0a2 2 0 0 0-2 2v2h1.5V2a.5.5 0 0 1 .5-.5h2V0H2Zm2 10.5H2a.5.5 0 0 1-.5-.5V8H0v2a2 2 0 0 0 2 2h2v-1.5ZM8 12v-1.5h2a.5.5 0 0 0 .5-.5V8H12v2a2 2 0 0 1-2 2H8Zm2-12a2 2 0 0 1 2 2v2h-1.5V2a.5.5 0 0 0-.5-.5H8V0h2Z\" \/>\n\t\t\t<\/svg>\n\t\t<\/button>        <div data-wp-body=\"\" class=\"wp-lightbox-overlay zoom\"\n            data-wp-bind--role=\"selectors.core.image.roleAttribute\"\n            data-wp-bind--aria-label=\"selectors.core.image.dialogLabel\"\n            data-wp-class--initialized=\"context.core.image.initialized\"\n            data-wp-class--active=\"context.core.image.lightboxEnabled\"\n            data-wp-class--hideAnimationEnabled=\"context.core.image.hideAnimationEnabled\"\n            data-wp-bind--aria-modal=\"selectors.core.image.ariaModal\"\n            data-wp-effect=\"effects.core.image.initLightbox\"\n            data-wp-on--keydown=\"actions.core.image.handleKeydown\"\n            data-wp-on--touchstart=\"actions.core.image.handleTouchStart\"\n            data-wp-on--touchmove=\"actions.core.image.handleTouchMove\"\n            data-wp-on--touchend=\"actions.core.image.handleTouchEnd\"\n            data-wp-on--click=\"actions.core.image.hideLightbox\"\n            tabindex=\"-1\"\n            >\n                <button type=\"button\" aria-label=\"Close\" style=\"fill: #000\" class=\"close-button\" data-wp-on--click=\"actions.core.image.hideLightbox\">\n                    <svg xmlns=\"http:\/\/www.w3.org\/2000\/svg\" viewBox=\"0 0 24 24\" width=\"20\" height=\"20\" aria-hidden=\"true\" focusable=\"false\"><path d=\"M13 11.8l6.1-6.3-1-1-6.1 6.2-6.1-6.2-1 1 6.1 6.3-6.5 6.7 1 1 6.5-6.6 6.5 6.6 1-1z\"><\/path><\/svg>\n                <\/button>\n                <div class=\"lightbox-image-container\">\n<figure class=\"wp-block-image size-large responsive-image\"><img decoding=\"async\" data-wp-bind--src=\"context.core.image.imageCurrentSrc\" data-wp-style--object-fit=\"selectors.core.image.lightboxObjectFit\" src=\"\" alt=\"\" class=\"wp-image-188\"\/><\/figure>\n<\/div>\n                <div class=\"lightbox-image-container\">\n<figure class=\"wp-block-image size-large enlarged-image\"><img decoding=\"async\" data-wp-bind--src=\"selectors.core.image.enlargedImgSrc\" data-wp-style--object-fit=\"selectors.core.image.lightboxObjectFit\" src=\"\" alt=\"\" class=\"wp-image-188\"\/><\/figure>\n<\/div>\n                <div class=\"scrim\" style=\"background-color: #fff\" aria-hidden=\"true\"><\/div>\n        <\/div><\/figure>\n\n\n\n<p>       Vak\u0131fl\u0131 K\u00f6y\u00fc Ermeni Kilisesi \/ 35&#215;50 cm \/ 2023    <\/p>\n<\/div>\n<\/div>\n\n\n\n<p>                    <\/p>\n\n\n\n<div class=\"wp-block-columns is-layout-flex wp-container-core-columns-layout-2 wp-block-columns-is-layout-flex\">\n<div class=\"wp-block-column is-layout-flow wp-block-column-is-layout-flow\" style=\"flex-basis:33.33%\">\n<figure class=\"wp-block-image size-large\"><img loading=\"lazy\" decoding=\"async\" width=\"838\" height=\"1024\" src=\"https:\/\/sevgiatamis.com\/wp-content\/uploads\/2024\/01\/WhatsApp-Image-2023-05-17-at-12.01.05-838x1024.jpeg\" alt=\"\" class=\"wp-image-194\" srcset=\"https:\/\/sevgiatamis.com\/wp-content\/uploads\/2024\/01\/WhatsApp-Image-2023-05-17-at-12.01.05-838x1024.jpeg 838w, https:\/\/sevgiatamis.com\/wp-content\/uploads\/2024\/01\/WhatsApp-Image-2023-05-17-at-12.01.05-246x300.jpeg 246w, https:\/\/sevgiatamis.com\/wp-content\/uploads\/2024\/01\/WhatsApp-Image-2023-05-17-at-12.01.05-768x938.jpeg 768w, https:\/\/sevgiatamis.com\/wp-content\/uploads\/2024\/01\/WhatsApp-Image-2023-05-17-at-12.01.05-49x60.jpeg 49w, https:\/\/sevgiatamis.com\/wp-content\/uploads\/2024\/01\/WhatsApp-Image-2023-05-17-at-12.01.05.jpeg 1080w\" sizes=\"(max-width: 838px) 100vw, 838px\" \/><\/figure>\n\n\n\n<p class=\"has-text-align-center\">Galata House \/ 35&#215;50 cm \/ Sulu Boya \/ 2019<\/p>\n<\/div>\n\n\n\n<div class=\"wp-block-column is-layout-flow wp-block-column-is-layout-flow\" style=\"flex-basis:55%\">\n<figure class=\"wp-block-image size-large\"><img loading=\"lazy\" decoding=\"async\" width=\"1024\" height=\"754\" src=\"http:\/\/sevgiatamis.com\/wp-content\/uploads\/2024\/01\/WhatsApp-Image-2023-05-17-at-12.01.08-5-1024x754.jpeg\" alt=\"\" class=\"wp-image-192\" srcset=\"https:\/\/sevgiatamis.com\/wp-content\/uploads\/2024\/01\/WhatsApp-Image-2023-05-17-at-12.01.08-5-1024x754.jpeg 1024w, https:\/\/sevgiatamis.com\/wp-content\/uploads\/2024\/01\/WhatsApp-Image-2023-05-17-at-12.01.08-5-300x221.jpeg 300w, https:\/\/sevgiatamis.com\/wp-content\/uploads\/2024\/01\/WhatsApp-Image-2023-05-17-at-12.01.08-5-768x565.jpeg 768w, https:\/\/sevgiatamis.com\/wp-content\/uploads\/2024\/01\/WhatsApp-Image-2023-05-17-at-12.01.08-5-82x60.jpeg 82w, https:\/\/sevgiatamis.com\/wp-content\/uploads\/2024\/01\/WhatsApp-Image-2023-05-17-at-12.01.08-5.jpeg 1080w\" sizes=\"(max-width: 1024px) 100vw, 1024px\" \/><\/figure>\n\n\n\n<p class=\"has-text-align-center\">Karak\u00f6y Palace \/ 36.5&#215;26.5 cm \/ Sulu Boya \/ 2022<\/p>\n<\/div>\n<\/div>\n\n\n\n<div class=\"wp-block-columns is-layout-flex wp-container-core-columns-layout-3 wp-block-columns-is-layout-flex\">\n<div class=\"wp-block-column is-layout-flow wp-block-column-is-layout-flow\" style=\"flex-basis:50%\">\n<figure class=\"wp-block-image size-full\"><img loading=\"lazy\" decoding=\"async\" width=\"735\" height=\"696\" src=\"https:\/\/sevgiatamis.com\/wp-content\/uploads\/2024\/06\/kucuk-24-1.jpg\" alt=\"\" class=\"wp-image-329\" srcset=\"https:\/\/sevgiatamis.com\/wp-content\/uploads\/2024\/06\/kucuk-24-1.jpg 735w, https:\/\/sevgiatamis.com\/wp-content\/uploads\/2024\/06\/kucuk-24-1-300x284.jpg 300w, https:\/\/sevgiatamis.com\/wp-content\/uploads\/2024\/06\/kucuk-24-1-63x60.jpg 63w\" sizes=\"(max-width: 735px) 100vw, 735px\" \/><\/figure>\n\n\n\n<p>Sultan III. Ahmed \u00c7e\u015fmesi \/ Ka\u011f\u0131t \u00dczerine Sulu Boya \/10&#215;9 cm \/ 2024<\/p>\n<\/div>\n<\/div>\n","protected":false},"excerpt":{"rendered":"<p>Surp Giragos Kilisesi \/ 35&#215;50 cm \/ Sulu Boya \/ 2023 Vak\u0131fl\u0131 K\u00f6y\u00fc Ermeni Kilisesi \/ 35&#215;50 cm \/ 2023 Galata House \/ 35&#215;50 cm \/ Sulu Boya \/ 2019 Karak\u00f6y Palace \/ 36.5&#215;26.5 cm \/ Sulu Boya \/ 2022 Sultan III. Ahmed \u00c7e\u015fmesi \/ Ka\u011f\u0131t \u00dczerine Sulu Boya \/10&#215;9 cm \/ 2024<\/p>\n","protected":false},"author":1,"featured_media":0,"parent":0,"menu_order":0,"comment_status":"closed","ping_status":"closed","template":"","meta":{"footnotes":""},"_links":{"self":[{"href":"https:\/\/sevgiatamis.com\/index.php?rest_route=\/wp\/v2\/pages\/179"}],"collection":[{"href":"https:\/\/sevgiatamis.com\/index.php?rest_route=\/wp\/v2\/pages"}],"about":[{"href":"https:\/\/sevgiatamis.com\/index.php?rest_route=\/wp\/v2\/types\/page"}],"author":[{"embeddable":true,"href":"https:\/\/sevgiatamis.com\/index.php?rest_route=\/wp\/v2\/users\/1"}],"replies":[{"embeddable":true,"href":"https:\/\/sevgiatamis.com\/index.php?rest_route=%2Fwp%2Fv2%2Fcomments&post=179"}],"version-history":[{"count":11,"href":"https:\/\/sevgiatamis.com\/index.php?rest_route=\/wp\/v2\/pages\/179\/revisions"}],"predecessor-version":[{"id":336,"href":"https:\/\/sevgiatamis.com\/index.php?rest_route=\/wp\/v2\/pages\/179\/revisions\/336"}],"wp:attachment":[{"href":"https:\/\/sevgiatamis.com\/index.php?rest_route=%2Fwp%2Fv2%2Fmedia&parent=179"}],"curies":[{"name":"wp","href":"https:\/\/api.w.org\/{rel}","templated":true}]}}