{"id":19,"date":"2023-05-13T20:17:21","date_gmt":"2023-05-13T19:17:21","guid":{"rendered":"https:\/\/sevgiatamis.com\/?page_id=19"},"modified":"2024-06-06T15:55:26","modified_gmt":"2024-06-06T14:55:26","slug":"hakkinda","status":"publish","type":"page","link":"https:\/\/sevgiatamis.com\/?page_id=19","title":{"rendered":"Hakk\u0131nda"},"content":{"rendered":"\n<div class=\"wp-block-columns is-layout-flex wp-container-core-columns-layout-1 wp-block-columns-is-layout-flex\">\n<div class=\"wp-block-column is-layout-flow wp-block-column-is-layout-flow\" style=\"flex-basis:54%\">\n<figure class=\"wp-block-image size-large\"><img loading=\"lazy\" decoding=\"async\" width=\"811\" height=\"1024\" src=\"http:\/\/sevgiatamis.com\/wp-content\/uploads\/2024\/01\/IMG_20200303_161846-811x1024.jpg\" alt=\"\" class=\"wp-image-234\" srcset=\"https:\/\/sevgiatamis.com\/wp-content\/uploads\/2024\/01\/IMG_20200303_161846-811x1024.jpg 811w, https:\/\/sevgiatamis.com\/wp-content\/uploads\/2024\/01\/IMG_20200303_161846-238x300.jpg 238w, https:\/\/sevgiatamis.com\/wp-content\/uploads\/2024\/01\/IMG_20200303_161846-768x970.jpg 768w, https:\/\/sevgiatamis.com\/wp-content\/uploads\/2024\/01\/IMG_20200303_161846-48x60.jpg 48w, https:\/\/sevgiatamis.com\/wp-content\/uploads\/2024\/01\/IMG_20200303_161846.jpg 994w\" sizes=\"(max-width: 811px) 100vw, 811px\" \/><\/figure>\n<\/div>\n\n\n\n<div class=\"wp-block-column is-layout-flow wp-block-column-is-layout-flow\" style=\"flex-basis:1%\"><\/div>\n\n\n\n<div class=\"wp-block-column is-layout-flow wp-block-column-is-layout-flow\" style=\"flex-basis:45%\">\n<p><\/p>\n\n\n\n<p>\u0130stanbul Gedik \u00dcniversitesi Mimarl\u0131k ve G\u00fczel Sanatlar Fak\u00fcltesi G\u00f6rsel \u0130leti\u015fim Tasar\u0131m\u0131 b\u00f6l\u00fcm\u00fcn\u00fc okudu, hemen ard\u0131ndan Marmara \u00dcniversitesinde Pedagojik Formasyon e\u011fitimi ald\u0131. \u00d6zel bir okulda G\u00f6rsel Sanatlar \u00d6\u011fretmeni olarak \u00e7al\u0131\u015ft\u0131. Bir s\u00fcre okul m\u00fcd\u00fcrl\u00fc\u011f\u00fc yapt\u0131.<\/p>\n\n\n\n<p>2014 y\u0131l\u0131nda \u2018\u00c7izgisel Anlat\u0131m\u2019 isimli ilk resim sergisini, \u0130stanbul Gedik \u00dcniversitesinde a\u00e7t\u0131.<\/p>\n\n\n\n<p>2018 y\u0131l\u0131nda Eski \u0130ngiliz Karakolu \u015fimdiki ad\u0131yla Galata House\/ Galata Evi olan tarihi bir yap\u0131ya fark\u0131ndal\u0131k getirmeyi ama\u00e7layan eserler yaparak tarihi yap\u0131n\u0131n i\u00e7inde sergiledi, bug\u00fcn de sergilenmeye devam etmektedir.<\/p>\n\n\n\n<p>2020 ArtAnkara 6. \u00c7a\u011fda\u015f Sanat Fuar\u0131\u2019na Portakal\u00e7i\u00e7egi Sanat Kolonisi\u2019 nin \u00f6zel projesine kat\u0131larak resimlerini sergilemi\u015ftir.<\/p>\n\n\n\n<p>2020 Be\u015fikta\u015f \u00c7a\u011fda\u015f Sanat\u2019\u0131n 19 May\u0131s Gen\u00e7lik ve Spor Bayram\u0131 i\u00e7in d\u00fczenledi\u011fi online sergisine \u2018Rumeli Hisar\u0131&#8221; isimli karakalem resmi ile kat\u0131lm\u0131\u015ft\u0131r.<\/p>\n\n\n\n<p>2020 OAP\/Online Art Project Uluslararas\u0131 Multidisiplinler Online Sanat Sergisi\u2019ne \u2018Akdamar\u2019 isimli karakalem resmi ile kat\u0131lm\u0131\u015ft\u0131r.<\/p>\n\n\n\n<p>2020 TEV ve Portakal\u00e7i\u00e7egi Sanat Kolonisi i\u015f birli\u011fi ile yap\u0131lan \u201d Bula\u015f\u0131c\u0131 olan iyiliktir. \u201d sanat projesine \u2018Begonvil\u2019 isimli guaj boya resmi ile kat\u0131lm\u0131\u015ft\u0131r.<\/p>\n<\/div>\n<\/div>\n\n\n\n<p><\/p>\n\n\n\n<p>2022 At\u00f6lye Sanat Hayat\u0131 Galerisi\u2019nde \u0130nsan, Hayat, Sanat ve Heykel Karma Sergisi&#8217;ne; &#8220;Eski \u0130stanbul\u2019un Tarihi D\u00f6rt Mimari&#8221; resmiyle kat\u0131lm\u0131\u015ft\u0131r.<\/p>\n\n\n\n<p>2024 \u0130ski Kuzguncuk K\u00fclt\u00fc Evi &#8216; \u00c7E\u015eMELER\u0130N \u0130Z\u0130NDE &#8216; Solo Sergisin&#8217;de \u0130stanbulun Tarihi \u00c7e\u015fmelerini Resmetmi\u015ftir.<\/p>\n\n\n\n<p><strong>SEVG\u0130 ATAMI\u015e\u2019\u0131n sanat \u00fczerine manifestosu,<\/strong><br>Ara\u015ft\u0131rmac\u0131 Sanat\u00e7\u0131, tarihi yap\u0131lar\u0131n \u00f6nemi ve onlar\u0131n korunmalar\u0131 gerekti\u011fini, g\u00fcn\u00fcm\u00fczde olmayan yada tahrip olmu\u015f yap\u0131lar\u0131n resimlerini \u00e7izerek bunlar\u0131 unutturmamay\u0131,  uzman ki\u015filer taraf\u0131ndan restore edilmelerini savunarak buna dikkat \u00e7eker. Ge\u00e7mi\u015fteki t\u00fcm tarihi yap\u0131lar\u0131n bir zamanlar ya\u015fad\u0131\u011f\u0131n\u0131 bilir ki\u015filer olarak, t\u00fcm k\u00fclt\u00fcrel miraslar\u0131m\u0131z\u0131n bug\u00fcn de ya\u015fayabilmelerini sa\u011flamal\u0131 ve korumal\u0131y\u0131z diye d\u00fc\u015f\u00fcn\u00fcr. <\/p>\n\n\n\n<p><\/p>\n","protected":false},"excerpt":{"rendered":"<p>\u0130stanbul Gedik \u00dcniversitesi Mimarl\u0131k ve G\u00fczel Sanatlar Fak\u00fcltesi G\u00f6rsel \u0130leti\u015fim Tasar\u0131m\u0131 b\u00f6l\u00fcm\u00fcn\u00fc okudu, hemen ard\u0131ndan Marmara \u00dcniversitesinde Pedagojik Formasyon e\u011fitimi ald\u0131. \u00d6zel bir okulda G\u00f6rsel Sanatlar \u00d6\u011fretmeni olarak \u00e7al\u0131\u015ft\u0131. Bir s\u00fcre okul m\u00fcd\u00fcrl\u00fc\u011f\u00fc yapt\u0131. 2014 y\u0131l\u0131nda \u2018\u00c7izgisel Anlat\u0131m\u2019 isimli ilk resim sergisini, \u0130stanbul Gedik \u00dcniversitesinde a\u00e7t\u0131. 2018 y\u0131l\u0131nda Eski \u0130ngiliz Karakolu \u015fimdiki ad\u0131yla Galata House\/ &hellip; <\/p>\n","protected":false},"author":1,"featured_media":0,"parent":0,"menu_order":0,"comment_status":"closed","ping_status":"closed","template":"","meta":{"footnotes":""},"_links":{"self":[{"href":"https:\/\/sevgiatamis.com\/index.php?rest_route=\/wp\/v2\/pages\/19"}],"collection":[{"href":"https:\/\/sevgiatamis.com\/index.php?rest_route=\/wp\/v2\/pages"}],"about":[{"href":"https:\/\/sevgiatamis.com\/index.php?rest_route=\/wp\/v2\/types\/page"}],"author":[{"embeddable":true,"href":"https:\/\/sevgiatamis.com\/index.php?rest_route=\/wp\/v2\/users\/1"}],"replies":[{"embeddable":true,"href":"https:\/\/sevgiatamis.com\/index.php?rest_route=%2Fwp%2Fv2%2Fcomments&post=19"}],"version-history":[{"count":14,"href":"https:\/\/sevgiatamis.com\/index.php?rest_route=\/wp\/v2\/pages\/19\/revisions"}],"predecessor-version":[{"id":341,"href":"https:\/\/sevgiatamis.com\/index.php?rest_route=\/wp\/v2\/pages\/19\/revisions\/341"}],"wp:attachment":[{"href":"https:\/\/sevgiatamis.com\/index.php?rest_route=%2Fwp%2Fv2%2Fmedia&parent=19"}],"curies":[{"name":"wp","href":"https:\/\/api.w.org\/{rel}","templated":true}]}}