{"id":213,"date":"2024-01-11T20:20:12","date_gmt":"2024-01-11T20:20:12","guid":{"rendered":"https:\/\/sevgiatamis.com\/?page_id=213"},"modified":"2024-01-16T08:51:19","modified_gmt":"2024-01-16T08:51:19","slug":"murekkep","status":"publish","type":"page","link":"https:\/\/sevgiatamis.com\/?page_id=213","title":{"rendered":"M\u00dcREKKEP"},"content":{"rendered":"\n<div class=\"wp-block-columns is-layout-flex wp-container-core-columns-layout-1 wp-block-columns-is-layout-flex\">\n<div class=\"wp-block-column is-layout-flow wp-block-column-is-layout-flow\">\n<figure class=\"wp-block-image size-large\"><img loading=\"lazy\" decoding=\"async\" width=\"836\" height=\"1024\" src=\"https:\/\/sevgiatamis.com\/wp-content\/uploads\/2024\/01\/WhatsApp-Image-2023-05-17-at-12.01.06-1-836x1024.jpeg\" alt=\"\" class=\"wp-image-215\" srcset=\"https:\/\/sevgiatamis.com\/wp-content\/uploads\/2024\/01\/WhatsApp-Image-2023-05-17-at-12.01.06-1-836x1024.jpeg 836w, https:\/\/sevgiatamis.com\/wp-content\/uploads\/2024\/01\/WhatsApp-Image-2023-05-17-at-12.01.06-1-245x300.jpeg 245w, https:\/\/sevgiatamis.com\/wp-content\/uploads\/2024\/01\/WhatsApp-Image-2023-05-17-at-12.01.06-1-768x941.jpeg 768w, https:\/\/sevgiatamis.com\/wp-content\/uploads\/2024\/01\/WhatsApp-Image-2023-05-17-at-12.01.06-1-49x60.jpeg 49w, https:\/\/sevgiatamis.com\/wp-content\/uploads\/2024\/01\/WhatsApp-Image-2023-05-17-at-12.01.06-1.jpeg 1080w\" sizes=\"(max-width: 836px) 100vw, 836px\" \/><\/figure>\n<\/div>\n\n\n\n<div class=\"wp-block-column is-layout-flow wp-block-column-is-layout-flow\">\n<p>Galata House \/ The Old British Jail<\/p>\n\n\n\n<p>Boyut : 35&#215;50 cm<\/p>\n\n\n\n<p>Teknik : Kap\u0131t \u00dczrine M\u00fcrekkep<\/p>\n\n\n\n<p>Yap\u0131m Y\u0131l\u0131 : 2019<\/p>\n\n\n\n<p><\/p>\n<\/div>\n<\/div>\n","protected":false},"excerpt":{"rendered":"<p>Galata House \/ The Old British Jail Boyut : 35&#215;50 cm Teknik : Kap\u0131t \u00dczrine M\u00fcrekkep Yap\u0131m Y\u0131l\u0131 : 2019<\/p>\n","protected":false},"author":1,"featured_media":0,"parent":0,"menu_order":0,"comment_status":"closed","ping_status":"closed","template":"","meta":{"footnotes":""},"_links":{"self":[{"href":"https:\/\/sevgiatamis.com\/index.php?rest_route=\/wp\/v2\/pages\/213"}],"collection":[{"href":"https:\/\/sevgiatamis.com\/index.php?rest_route=\/wp\/v2\/pages"}],"about":[{"href":"https:\/\/sevgiatamis.com\/index.php?rest_route=\/wp\/v2\/types\/page"}],"author":[{"embeddable":true,"href":"https:\/\/sevgiatamis.com\/index.php?rest_route=\/wp\/v2\/users\/1"}],"replies":[{"embeddable":true,"href":"https:\/\/sevgiatamis.com\/index.php?rest_route=%2Fwp%2Fv2%2Fcomments&post=213"}],"version-history":[{"count":1,"href":"https:\/\/sevgiatamis.com\/index.php?rest_route=\/wp\/v2\/pages\/213\/revisions"}],"predecessor-version":[{"id":216,"href":"https:\/\/sevgiatamis.com\/index.php?rest_route=\/wp\/v2\/pages\/213\/revisions\/216"}],"wp:attachment":[{"href":"https:\/\/sevgiatamis.com\/index.php?rest_route=%2Fwp%2Fv2%2Fmedia&parent=213"}],"curies":[{"name":"wp","href":"https:\/\/api.w.org\/{rel}","templated":true}]}}