{"id":22,"date":"2023-05-13T20:17:21","date_gmt":"2023-05-13T19:17:21","guid":{"rendered":"https:\/\/sevgiatamis.com\/?page_id=22"},"modified":"2023-10-24T18:47:57","modified_gmt":"2023-10-24T17:47:57","slug":"resim","status":"publish","type":"page","link":"https:\/\/sevgiatamis.com\/?page_id=22","title":{"rendered":"Resim"},"content":{"rendered":"\n<div class=\"wp-block-columns is-layout-flex wp-container-core-columns-layout-1 wp-block-columns-is-layout-flex\">\n<div class=\"wp-block-column is-layout-flow wp-block-column-is-layout-flow\" style=\"flex-basis:66.66%\">\n<figure class=\"wp-block-image size-full\"><img loading=\"lazy\" decoding=\"async\" width=\"735\" height=\"536\" src=\"http:\/\/sevgiatamis.com\/wp-content\/uploads\/2023\/05\/2-Haydarpasa-Gari-s.jpg\" alt=\"\" class=\"wp-image-38\" srcset=\"https:\/\/sevgiatamis.com\/wp-content\/uploads\/2023\/05\/2-Haydarpasa-Gari-s.jpg 735w, https:\/\/sevgiatamis.com\/wp-content\/uploads\/2023\/05\/2-Haydarpasa-Gari-s-300x219.jpg 300w, https:\/\/sevgiatamis.com\/wp-content\/uploads\/2023\/05\/2-Haydarpasa-Gari-s-480x350.jpg 480w\" sizes=\"(max-width: 735px) 100vw, 735px\" \/><\/figure>\n<\/div>\n\n\n\n<div class=\"wp-block-column is-layout-flow wp-block-column-is-layout-flow\" style=\"flex-basis:33.33%\">\n<p><strong>Haydarpa\u015fa Gar\u0131 <\/strong><\/p>\n\n\n\n<p>Boyut: 35&#215;50 cm <\/p>\n\n\n\n<p>Teknik : Karakalem <\/p>\n\n\n\n<p>Y\u0131l : 2019<\/p>\n<\/div>\n<\/div>\n\n\n\n<div class=\"wp-block-columns is-layout-flex wp-container-core-columns-layout-2 wp-block-columns-is-layout-flex\">\n<div class=\"wp-block-column is-layout-flow wp-block-column-is-layout-flow\" style=\"flex-basis:66.66%\">\n<figure class=\"wp-block-image size-full\"><img loading=\"lazy\" decoding=\"async\" width=\"891\" height=\"616\" src=\"https:\/\/sevgiatamis.com\/wp-content\/uploads\/2023\/05\/IMG_20230517_200336_110.jpg\" alt=\"\" class=\"wp-image-59\" srcset=\"https:\/\/sevgiatamis.com\/wp-content\/uploads\/2023\/05\/IMG_20230517_200336_110.jpg 891w, https:\/\/sevgiatamis.com\/wp-content\/uploads\/2023\/05\/IMG_20230517_200336_110-300x207.jpg 300w, https:\/\/sevgiatamis.com\/wp-content\/uploads\/2023\/05\/IMG_20230517_200336_110-768x531.jpg 768w, https:\/\/sevgiatamis.com\/wp-content\/uploads\/2023\/05\/IMG_20230517_200336_110-87x60.jpg 87w\" sizes=\"(max-width: 891px) 100vw, 891px\" \/><\/figure>\n<\/div>\n\n\n\n<div class=\"wp-block-column is-layout-flow wp-block-column-is-layout-flow\" style=\"flex-basis:33.33%\">\n<p><strong>Rumeli Hisar\u0131<\/strong><\/p>\n\n\n\n<p>Boyut : 35&#215;50 cm<\/p>\n\n\n\n<p>Teknik : Karakalem<\/p>\n\n\n\n<p>Y\u0131l : 2020<\/p>\n<\/div>\n<\/div>\n\n\n\n<div class=\"wp-block-columns is-layout-flex wp-container-core-columns-layout-3 wp-block-columns-is-layout-flex\">\n<div class=\"wp-block-column is-layout-flow wp-block-column-is-layout-flow\" style=\"flex-basis:66.66%\">\n<figure class=\"wp-block-image size-full\"><img loading=\"lazy\" decoding=\"async\" width=\"967\" height=\"561\" src=\"https:\/\/sevgiatamis.com\/wp-content\/uploads\/2023\/05\/IMG_20230517_200340_127-1.jpg\" alt=\"\" class=\"wp-image-60\" srcset=\"https:\/\/sevgiatamis.com\/wp-content\/uploads\/2023\/05\/IMG_20230517_200340_127-1.jpg 967w, https:\/\/sevgiatamis.com\/wp-content\/uploads\/2023\/05\/IMG_20230517_200340_127-1-300x174.jpg 300w, https:\/\/sevgiatamis.com\/wp-content\/uploads\/2023\/05\/IMG_20230517_200340_127-1-768x446.jpg 768w, https:\/\/sevgiatamis.com\/wp-content\/uploads\/2023\/05\/IMG_20230517_200340_127-1-103x60.jpg 103w\" sizes=\"(max-width: 967px) 100vw, 967px\" \/><\/figure>\n<\/div>\n\n\n\n<div class=\"wp-block-column is-layout-flow wp-block-column-is-layout-flow\" style=\"flex-basis:33.33%\">\n<p><strong>G\u00f6ksu Nehri<\/strong><\/p>\n\n\n\n<p>Boyut : 35&#215;50 cm<\/p>\n\n\n\n<p>Teknik : Karakalem<\/p>\n\n\n\n<p>Y\u0131l : 2019<\/p>\n\n\n\n<p><\/p>\n<\/div>\n<\/div>\n\n\n\n<div class=\"wp-block-columns is-layout-flex wp-container-core-columns-layout-4 wp-block-columns-is-layout-flex\">\n<div class=\"wp-block-column is-layout-flow wp-block-column-is-layout-flow\" style=\"flex-basis:66.66%\">\n<figure class=\"wp-block-image size-full\"><img loading=\"lazy\" decoding=\"async\" width=\"957\" height=\"650\" src=\"https:\/\/sevgiatamis.com\/wp-content\/uploads\/2023\/05\/WhatsApp-Image-2023-05-17-at-12.01.06-1.jpeg\" alt=\"\" class=\"wp-image-61\" srcset=\"https:\/\/sevgiatamis.com\/wp-content\/uploads\/2023\/05\/WhatsApp-Image-2023-05-17-at-12.01.06-1.jpeg 957w, https:\/\/sevgiatamis.com\/wp-content\/uploads\/2023\/05\/WhatsApp-Image-2023-05-17-at-12.01.06-1-300x204.jpeg 300w, https:\/\/sevgiatamis.com\/wp-content\/uploads\/2023\/05\/WhatsApp-Image-2023-05-17-at-12.01.06-1-768x522.jpeg 768w, https:\/\/sevgiatamis.com\/wp-content\/uploads\/2023\/05\/WhatsApp-Image-2023-05-17-at-12.01.06-1-88x60.jpeg 88w\" sizes=\"(max-width: 957px) 100vw, 957px\" \/><\/figure>\n<\/div>\n\n\n\n<div class=\"wp-block-column is-layout-flow wp-block-column-is-layout-flow\" style=\"flex-basis:33.33%\">\n<p><strong>Trabzon Ayasofya<\/strong><\/p>\n\n\n\n<p>Boyut : 35&#215;50 cm<\/p>\n\n\n\n<p>Teknik : Karakalem<\/p>\n\n\n\n<p>Y\u0131l : 2019<\/p>\n\n\n\n<p><\/p>\n<\/div>\n<\/div>\n\n\n\n<div class=\"wp-block-columns is-layout-flex wp-container-core-columns-layout-5 wp-block-columns-is-layout-flex\">\n<div class=\"wp-block-column is-layout-flow wp-block-column-is-layout-flow\" style=\"flex-basis:66.66%\">\n<figure class=\"wp-block-image size-large\"><img loading=\"lazy\" decoding=\"async\" width=\"1024\" height=\"749\" src=\"https:\/\/sevgiatamis.com\/wp-content\/uploads\/2023\/05\/WhatsApp-Image-2023-05-17-at-12.01.07-2-1024x749.jpeg\" alt=\"\" class=\"wp-image-62\" srcset=\"https:\/\/sevgiatamis.com\/wp-content\/uploads\/2023\/05\/WhatsApp-Image-2023-05-17-at-12.01.07-2-1024x749.jpeg 1024w, https:\/\/sevgiatamis.com\/wp-content\/uploads\/2023\/05\/WhatsApp-Image-2023-05-17-at-12.01.07-2-300x219.jpeg 300w, https:\/\/sevgiatamis.com\/wp-content\/uploads\/2023\/05\/WhatsApp-Image-2023-05-17-at-12.01.07-2-768x562.jpeg 768w, https:\/\/sevgiatamis.com\/wp-content\/uploads\/2023\/05\/WhatsApp-Image-2023-05-17-at-12.01.07-2-82x60.jpeg 82w, https:\/\/sevgiatamis.com\/wp-content\/uploads\/2023\/05\/WhatsApp-Image-2023-05-17-at-12.01.07-2.jpeg 1080w\" sizes=\"(max-width: 1024px) 100vw, 1024px\" \/><\/figure>\n<\/div>\n\n\n\n<div class=\"wp-block-column is-layout-flow wp-block-column-is-layout-flow\" style=\"flex-basis:33.33%\">\n<p><strong>Topkap\u0131 Saray\u0131<\/strong><\/p>\n\n\n\n<p>Boyut : 35&#215;50 cm<\/p>\n\n\n\n<p>Teknik : Karakalem<\/p>\n\n\n\n<p>Y\u0131l : 2020<\/p>\n\n\n\n<p><\/p>\n<\/div>\n<\/div>\n\n\n\n<div class=\"wp-block-columns is-layout-flex wp-container-core-columns-layout-6 wp-block-columns-is-layout-flex\">\n<div class=\"wp-block-column is-layout-flow wp-block-column-is-layout-flow\" style=\"flex-basis:66.66%\">\n<figure class=\"wp-block-image size-large\"><img loading=\"lazy\" decoding=\"async\" width=\"1024\" height=\"767\" src=\"https:\/\/sevgiatamis.com\/wp-content\/uploads\/2023\/05\/WhatsApp-Image-2023-05-17-at-12.01.07-1-1024x767.jpeg\" alt=\"\" class=\"wp-image-63\" srcset=\"https:\/\/sevgiatamis.com\/wp-content\/uploads\/2023\/05\/WhatsApp-Image-2023-05-17-at-12.01.07-1-1024x767.jpeg 1024w, https:\/\/sevgiatamis.com\/wp-content\/uploads\/2023\/05\/WhatsApp-Image-2023-05-17-at-12.01.07-1-300x225.jpeg 300w, https:\/\/sevgiatamis.com\/wp-content\/uploads\/2023\/05\/WhatsApp-Image-2023-05-17-at-12.01.07-1-768x575.jpeg 768w, https:\/\/sevgiatamis.com\/wp-content\/uploads\/2023\/05\/WhatsApp-Image-2023-05-17-at-12.01.07-1-80x60.jpeg 80w, https:\/\/sevgiatamis.com\/wp-content\/uploads\/2023\/05\/WhatsApp-Image-2023-05-17-at-12.01.07-1.jpeg 1080w\" sizes=\"(max-width: 1024px) 100vw, 1024px\" \/><\/figure>\n<\/div>\n\n\n\n<div class=\"wp-block-column is-layout-flow wp-block-column-is-layout-flow\" style=\"flex-basis:33.33%\">\n<p><strong>Kotor St. Luke<\/strong><\/p>\n\n\n\n<p>Boyut : 35&#215;50 cm<\/p>\n\n\n\n<p>Teknik : Karakalem<\/p>\n\n\n\n<p>Y\u0131l :2019<\/p>\n<\/div>\n<\/div>\n\n\n\n<div class=\"wp-block-columns is-layout-flex wp-container-core-columns-layout-7 wp-block-columns-is-layout-flex\">\n<div class=\"wp-block-column is-layout-flow wp-block-column-is-layout-flow\" style=\"flex-basis:66.66%\">\n<figure class=\"wp-block-image size-large\"><img loading=\"lazy\" decoding=\"async\" width=\"1024\" height=\"771\" src=\"https:\/\/sevgiatamis.com\/wp-content\/uploads\/2023\/05\/WhatsApp-Image-2023-05-17-at-12.01.08-3-1024x771.jpeg\" alt=\"\" class=\"wp-image-65\" srcset=\"https:\/\/sevgiatamis.com\/wp-content\/uploads\/2023\/05\/WhatsApp-Image-2023-05-17-at-12.01.08-3-1024x771.jpeg 1024w, https:\/\/sevgiatamis.com\/wp-content\/uploads\/2023\/05\/WhatsApp-Image-2023-05-17-at-12.01.08-3-300x226.jpeg 300w, https:\/\/sevgiatamis.com\/wp-content\/uploads\/2023\/05\/WhatsApp-Image-2023-05-17-at-12.01.08-3-768x578.jpeg 768w, https:\/\/sevgiatamis.com\/wp-content\/uploads\/2023\/05\/WhatsApp-Image-2023-05-17-at-12.01.08-3-80x60.jpeg 80w, https:\/\/sevgiatamis.com\/wp-content\/uploads\/2023\/05\/WhatsApp-Image-2023-05-17-at-12.01.08-3.jpeg 1080w\" sizes=\"(max-width: 1024px) 100vw, 1024px\" \/><\/figure>\n<\/div>\n\n\n\n<div class=\"wp-block-column is-layout-flow wp-block-column-is-layout-flow\" style=\"flex-basis:33.33%\">\n<p><strong>\u0130marethane Kap\u0131s\u0131<\/strong><\/p>\n\n\n\n<p>Boyut : 35&#215;50 cm<\/p>\n\n\n\n<p>Teknik : Kraft Ka\u011f\u0131d\u0131 <\/p>\n\n\n\n<p>\u00dczerine  Kuru Boya <\/p>\n\n\n\n<p>Y\u0131l : 2022<\/p>\n<\/div>\n<\/div>\n\n\n\n<div class=\"wp-block-columns is-layout-flex wp-container-core-columns-layout-8 wp-block-columns-is-layout-flex\">\n<div class=\"wp-block-column is-layout-flow wp-block-column-is-layout-flow\">\n<figure class=\"wp-block-image size-large\"><img loading=\"lazy\" decoding=\"async\" width=\"1024\" height=\"740\" src=\"https:\/\/sevgiatamis.com\/wp-content\/uploads\/2023\/05\/WhatsApp-Image-2023-05-17-at-12.01.10-1-1024x740.jpeg\" alt=\"\" class=\"wp-image-73\" srcset=\"https:\/\/sevgiatamis.com\/wp-content\/uploads\/2023\/05\/WhatsApp-Image-2023-05-17-at-12.01.10-1-1024x740.jpeg 1024w, https:\/\/sevgiatamis.com\/wp-content\/uploads\/2023\/05\/WhatsApp-Image-2023-05-17-at-12.01.10-1-300x217.jpeg 300w, https:\/\/sevgiatamis.com\/wp-content\/uploads\/2023\/05\/WhatsApp-Image-2023-05-17-at-12.01.10-1-768x555.jpeg 768w, https:\/\/sevgiatamis.com\/wp-content\/uploads\/2023\/05\/WhatsApp-Image-2023-05-17-at-12.01.10-1-83x60.jpeg 83w, https:\/\/sevgiatamis.com\/wp-content\/uploads\/2023\/05\/WhatsApp-Image-2023-05-17-at-12.01.10-1.jpeg 1080w\" sizes=\"(max-width: 1024px) 100vw, 1024px\" \/><\/figure>\n<\/div>\n\n\n\n<div class=\"wp-block-column is-layout-flow wp-block-column-is-layout-flow\">\n<figure class=\"wp-block-image size-large\"><img loading=\"lazy\" decoding=\"async\" width=\"1024\" height=\"754\" src=\"https:\/\/sevgiatamis.com\/wp-content\/uploads\/2023\/05\/WhatsApp-Image-2023-05-17-at-12.01.08-5-1-1024x754.jpeg\" alt=\"\" class=\"wp-image-74\" srcset=\"https:\/\/sevgiatamis.com\/wp-content\/uploads\/2023\/05\/WhatsApp-Image-2023-05-17-at-12.01.08-5-1-1024x754.jpeg 1024w, https:\/\/sevgiatamis.com\/wp-content\/uploads\/2023\/05\/WhatsApp-Image-2023-05-17-at-12.01.08-5-1-300x221.jpeg 300w, https:\/\/sevgiatamis.com\/wp-content\/uploads\/2023\/05\/WhatsApp-Image-2023-05-17-at-12.01.08-5-1-768x565.jpeg 768w, https:\/\/sevgiatamis.com\/wp-content\/uploads\/2023\/05\/WhatsApp-Image-2023-05-17-at-12.01.08-5-1-82x60.jpeg 82w, https:\/\/sevgiatamis.com\/wp-content\/uploads\/2023\/05\/WhatsApp-Image-2023-05-17-at-12.01.08-5-1.jpeg 1080w\" sizes=\"(max-width: 1024px) 100vw, 1024px\" \/><\/figure>\n<\/div>\n<\/div>\n\n\n\n<p><strong>Karak\u00f6y Palace<\/strong> Boyut : 36.5&#215;26.5 cm Teknik : Ka\u011f\u0131t \u00dczerine Karakalem Y\u0131l : 2020 2 Seri<\/p>\n\n\n\n<div class=\"wp-block-columns is-layout-flex wp-container-core-columns-layout-9 wp-block-columns-is-layout-flex\">\n<div class=\"wp-block-column is-layout-flow wp-block-column-is-layout-flow\">\n<figure class=\"wp-block-image size-large\"><img loading=\"lazy\" decoding=\"async\" width=\"1024\" height=\"695\" src=\"https:\/\/sevgiatamis.com\/wp-content\/uploads\/2023\/05\/WhatsApp-Image-2023-05-17-at-12.01.09-3-1-1024x695.jpeg\" alt=\"\" class=\"wp-image-69\" srcset=\"https:\/\/sevgiatamis.com\/wp-content\/uploads\/2023\/05\/WhatsApp-Image-2023-05-17-at-12.01.09-3-1-1024x695.jpeg 1024w, https:\/\/sevgiatamis.com\/wp-content\/uploads\/2023\/05\/WhatsApp-Image-2023-05-17-at-12.01.09-3-1-300x204.jpeg 300w, https:\/\/sevgiatamis.com\/wp-content\/uploads\/2023\/05\/WhatsApp-Image-2023-05-17-at-12.01.09-3-1-768x521.jpeg 768w, https:\/\/sevgiatamis.com\/wp-content\/uploads\/2023\/05\/WhatsApp-Image-2023-05-17-at-12.01.09-3-1-88x60.jpeg 88w, https:\/\/sevgiatamis.com\/wp-content\/uploads\/2023\/05\/WhatsApp-Image-2023-05-17-at-12.01.09-3-1.jpeg 1080w\" sizes=\"(max-width: 1024px) 100vw, 1024px\" \/><\/figure>\n<\/div>\n\n\n\n<div class=\"wp-block-column is-layout-flow wp-block-column-is-layout-flow\">\n<figure class=\"wp-block-image size-large\"><img loading=\"lazy\" decoding=\"async\" width=\"1024\" height=\"676\" src=\"https:\/\/sevgiatamis.com\/wp-content\/uploads\/2023\/05\/WhatsApp-Image-2023-05-17-at-12.01.09-2-1-1024x676.jpeg\" alt=\"\" class=\"wp-image-70\" srcset=\"https:\/\/sevgiatamis.com\/wp-content\/uploads\/2023\/05\/WhatsApp-Image-2023-05-17-at-12.01.09-2-1-1024x676.jpeg 1024w, https:\/\/sevgiatamis.com\/wp-content\/uploads\/2023\/05\/WhatsApp-Image-2023-05-17-at-12.01.09-2-1-300x198.jpeg 300w, https:\/\/sevgiatamis.com\/wp-content\/uploads\/2023\/05\/WhatsApp-Image-2023-05-17-at-12.01.09-2-1-768x507.jpeg 768w, https:\/\/sevgiatamis.com\/wp-content\/uploads\/2023\/05\/WhatsApp-Image-2023-05-17-at-12.01.09-2-1-91x60.jpeg 91w, https:\/\/sevgiatamis.com\/wp-content\/uploads\/2023\/05\/WhatsApp-Image-2023-05-17-at-12.01.09-2-1.jpeg 1080w\" sizes=\"(max-width: 1024px) 100vw, 1024px\" \/><\/figure>\n<\/div>\n<\/div>\n\n\n\n<div class=\"wp-block-columns is-layout-flex wp-container-core-columns-layout-10 wp-block-columns-is-layout-flex\">\n<div class=\"wp-block-column is-layout-flow wp-block-column-is-layout-flow\">\n<p><\/p>\n<\/div>\n\n\n\n<div class=\"wp-block-column is-layout-flow wp-block-column-is-layout-flow\">\n<p><\/p>\n<\/div>\n<\/div>\n\n\n\n<div class=\"wp-block-columns is-layout-flex wp-container-core-columns-layout-11 wp-block-columns-is-layout-flex\">\n<div class=\"wp-block-column is-layout-flow wp-block-column-is-layout-flow\">\n<figure class=\"wp-block-image size-large\"><img loading=\"lazy\" decoding=\"async\" width=\"1024\" height=\"700\" src=\"https:\/\/sevgiatamis.com\/wp-content\/uploads\/2023\/05\/WhatsApp-Image-2023-05-17-at-12.01.09-1-1024x700.jpeg\" alt=\"\" class=\"wp-image-71\" srcset=\"https:\/\/sevgiatamis.com\/wp-content\/uploads\/2023\/05\/WhatsApp-Image-2023-05-17-at-12.01.09-1-1024x700.jpeg 1024w, https:\/\/sevgiatamis.com\/wp-content\/uploads\/2023\/05\/WhatsApp-Image-2023-05-17-at-12.01.09-1-300x205.jpeg 300w, https:\/\/sevgiatamis.com\/wp-content\/uploads\/2023\/05\/WhatsApp-Image-2023-05-17-at-12.01.09-1-768x525.jpeg 768w, https:\/\/sevgiatamis.com\/wp-content\/uploads\/2023\/05\/WhatsApp-Image-2023-05-17-at-12.01.09-1-88x60.jpeg 88w, https:\/\/sevgiatamis.com\/wp-content\/uploads\/2023\/05\/WhatsApp-Image-2023-05-17-at-12.01.09-1.jpeg 1080w\" sizes=\"(max-width: 1024px) 100vw, 1024px\" \/><\/figure>\n<\/div>\n\n\n\n<div class=\"wp-block-column is-layout-flow wp-block-column-is-layout-flow\">\n<figure class=\"wp-block-image size-large\"><img loading=\"lazy\" decoding=\"async\" width=\"1024\" height=\"686\" src=\"https:\/\/sevgiatamis.com\/wp-content\/uploads\/2023\/05\/WhatsApp-Image-2023-05-17-at-12.01.09-1024x686.jpeg\" alt=\"\" class=\"wp-image-72\" srcset=\"https:\/\/sevgiatamis.com\/wp-content\/uploads\/2023\/05\/WhatsApp-Image-2023-05-17-at-12.01.09-1024x686.jpeg 1024w, https:\/\/sevgiatamis.com\/wp-content\/uploads\/2023\/05\/WhatsApp-Image-2023-05-17-at-12.01.09-300x201.jpeg 300w, https:\/\/sevgiatamis.com\/wp-content\/uploads\/2023\/05\/WhatsApp-Image-2023-05-17-at-12.01.09-768x515.jpeg 768w, https:\/\/sevgiatamis.com\/wp-content\/uploads\/2023\/05\/WhatsApp-Image-2023-05-17-at-12.01.09-450x300.jpeg 450w, https:\/\/sevgiatamis.com\/wp-content\/uploads\/2023\/05\/WhatsApp-Image-2023-05-17-at-12.01.09-90x60.jpeg 90w, https:\/\/sevgiatamis.com\/wp-content\/uploads\/2023\/05\/WhatsApp-Image-2023-05-17-at-12.01.09.jpeg 1080w\" sizes=\"(max-width: 1024px) 100vw, 1024px\" \/><\/figure>\n<\/div>\n<\/div>\n\n\n\n<div class=\"wp-block-columns is-layout-flex wp-container-core-columns-layout-12 wp-block-columns-is-layout-flex\">\n<div class=\"wp-block-column is-layout-flow wp-block-column-is-layout-flow\">\n<p><\/p>\n<\/div>\n\n\n\n<div class=\"wp-block-column is-layout-flow wp-block-column-is-layout-flow\">\n<p><\/p>\n<\/div>\n<\/div>\n\n\n\n<div class=\"wp-block-columns is-layout-flex wp-container-core-columns-layout-13 wp-block-columns-is-layout-flex\">\n<div class=\"wp-block-column is-layout-flow wp-block-column-is-layout-flow\">\n<figure class=\"wp-block-image size-large\"><img loading=\"lazy\" decoding=\"async\" width=\"824\" height=\"1024\" src=\"https:\/\/sevgiatamis.com\/wp-content\/uploads\/2023\/05\/WhatsApp-Image-2023-05-17-at-12.01.06-2-1-824x1024.jpeg\" alt=\"\" class=\"wp-image-79\" srcset=\"https:\/\/sevgiatamis.com\/wp-content\/uploads\/2023\/05\/WhatsApp-Image-2023-05-17-at-12.01.06-2-1-824x1024.jpeg 824w, https:\/\/sevgiatamis.com\/wp-content\/uploads\/2023\/05\/WhatsApp-Image-2023-05-17-at-12.01.06-2-1-241x300.jpeg 241w, https:\/\/sevgiatamis.com\/wp-content\/uploads\/2023\/05\/WhatsApp-Image-2023-05-17-at-12.01.06-2-1-768x954.jpeg 768w, https:\/\/sevgiatamis.com\/wp-content\/uploads\/2023\/05\/WhatsApp-Image-2023-05-17-at-12.01.06-2-1-48x60.jpeg 48w, https:\/\/sevgiatamis.com\/wp-content\/uploads\/2023\/05\/WhatsApp-Image-2023-05-17-at-12.01.06-2-1.jpeg 1080w\" sizes=\"(max-width: 824px) 100vw, 824px\" \/><\/figure>\n<\/div>\n\n\n\n<div class=\"wp-block-column is-layout-flow wp-block-column-is-layout-flow\">\n<p><\/p>\n<\/div>\n<\/div>\n\n\n\n<div class=\"wp-block-columns is-layout-flex wp-container-core-columns-layout-14 wp-block-columns-is-layout-flex\">\n<div class=\"wp-block-column is-layout-flow wp-block-column-is-layout-flow\">\n<figure class=\"wp-block-image size-large\"><img loading=\"lazy\" decoding=\"async\" width=\"824\" height=\"1024\" src=\"https:\/\/sevgiatamis.com\/wp-content\/uploads\/2023\/05\/WhatsApp-Image-2023-05-17-at-12.01.07-824x1024.jpeg\" alt=\"\" class=\"wp-image-80\" srcset=\"https:\/\/sevgiatamis.com\/wp-content\/uploads\/2023\/05\/WhatsApp-Image-2023-05-17-at-12.01.07-824x1024.jpeg 824w, https:\/\/sevgiatamis.com\/wp-content\/uploads\/2023\/05\/WhatsApp-Image-2023-05-17-at-12.01.07-241x300.jpeg 241w, https:\/\/sevgiatamis.com\/wp-content\/uploads\/2023\/05\/WhatsApp-Image-2023-05-17-at-12.01.07-768x954.jpeg 768w, https:\/\/sevgiatamis.com\/wp-content\/uploads\/2023\/05\/WhatsApp-Image-2023-05-17-at-12.01.07-48x60.jpeg 48w, https:\/\/sevgiatamis.com\/wp-content\/uploads\/2023\/05\/WhatsApp-Image-2023-05-17-at-12.01.07.jpeg 1080w\" sizes=\"(max-width: 824px) 100vw, 824px\" \/><\/figure>\n<\/div>\n\n\n\n<div class=\"wp-block-column is-layout-flow wp-block-column-is-layout-flow\"><\/div>\n<\/div>\n\n\n\n<div class=\"wp-block-columns is-layout-flex wp-container-core-columns-layout-15 wp-block-columns-is-layout-flex\">\n<div class=\"wp-block-column is-layout-flow wp-block-column-is-layout-flow\">\n<figure class=\"wp-block-image size-large\"><img loading=\"lazy\" decoding=\"async\" width=\"521\" height=\"1024\" src=\"https:\/\/sevgiatamis.com\/wp-content\/uploads\/2023\/05\/WhatsApp-Image-2023-05-17-at-12.21.32-521x1024.jpeg\" alt=\"\" class=\"wp-image-81\" srcset=\"https:\/\/sevgiatamis.com\/wp-content\/uploads\/2023\/05\/WhatsApp-Image-2023-05-17-at-12.21.32-521x1024.jpeg 521w, https:\/\/sevgiatamis.com\/wp-content\/uploads\/2023\/05\/WhatsApp-Image-2023-05-17-at-12.21.32-153x300.jpeg 153w, https:\/\/sevgiatamis.com\/wp-content\/uploads\/2023\/05\/WhatsApp-Image-2023-05-17-at-12.21.32-31x60.jpeg 31w, https:\/\/sevgiatamis.com\/wp-content\/uploads\/2023\/05\/WhatsApp-Image-2023-05-17-at-12.21.32.jpeg 681w\" sizes=\"(max-width: 521px) 100vw, 521px\" \/><\/figure>\n<\/div>\n\n\n\n<div class=\"wp-block-column is-layout-flow wp-block-column-is-layout-flow\"><\/div>\n<\/div>\n\n\n\n<div class=\"wp-block-columns is-layout-flex wp-container-core-columns-layout-16 wp-block-columns-is-layout-flex\">\n<div class=\"wp-block-column is-layout-flow wp-block-column-is-layout-flow\">\n<figure class=\"wp-block-image size-large\"><img loading=\"lazy\" decoding=\"async\" width=\"836\" height=\"1024\" src=\"https:\/\/sevgiatamis.com\/wp-content\/uploads\/2023\/05\/WhatsApp-Image-2023-05-17-at-12.01.06-836x1024.jpeg\" alt=\"\" class=\"wp-image-82\" srcset=\"https:\/\/sevgiatamis.com\/wp-content\/uploads\/2023\/05\/WhatsApp-Image-2023-05-17-at-12.01.06-836x1024.jpeg 836w, https:\/\/sevgiatamis.com\/wp-content\/uploads\/2023\/05\/WhatsApp-Image-2023-05-17-at-12.01.06-245x300.jpeg 245w, https:\/\/sevgiatamis.com\/wp-content\/uploads\/2023\/05\/WhatsApp-Image-2023-05-17-at-12.01.06-768x941.jpeg 768w, https:\/\/sevgiatamis.com\/wp-content\/uploads\/2023\/05\/WhatsApp-Image-2023-05-17-at-12.01.06-49x60.jpeg 49w, https:\/\/sevgiatamis.com\/wp-content\/uploads\/2023\/05\/WhatsApp-Image-2023-05-17-at-12.01.06.jpeg 1080w\" sizes=\"(max-width: 836px) 100vw, 836px\" \/><\/figure>\n<\/div>\n\n\n\n<div class=\"wp-block-column is-layout-flow wp-block-column-is-layout-flow\">\n<p><\/p>\n\n\n\n<p class=\"has-text-align-left\"><strong>Galata House\/The Old British Jail<\/strong><\/p>\n\n\n\n<p class=\"has-text-align-left\">Boyut : 35&#215;50 cm<\/p>\n\n\n\n<p class=\"has-text-align-left\">Teknik : Ka\u011f\u0131t \u00dczerine Pilot Kalem<\/p>\n\n\n\n<p class=\"has-text-align-left\">Teknik : Ka\u011f\u0131t \u00dczerine Suluboya<\/p>\n\n\n\n<p class=\"has-text-align-left\">Y\u0131l : 2019 \/ 2 Seri<\/p>\n\n\n\n<p><\/p>\n\n\n\n<p><\/p>\n<\/div>\n\n\n\n<div class=\"wp-block-column is-layout-flow wp-block-column-is-layout-flow\">\n<figure class=\"wp-block-image size-large\"><img loading=\"lazy\" decoding=\"async\" width=\"838\" height=\"1024\" src=\"https:\/\/sevgiatamis.com\/wp-content\/uploads\/2023\/05\/WhatsApp-Image-2023-05-17-at-12.01.05-838x1024.jpeg\" alt=\"\" class=\"wp-image-83\" srcset=\"https:\/\/sevgiatamis.com\/wp-content\/uploads\/2023\/05\/WhatsApp-Image-2023-05-17-at-12.01.05-838x1024.jpeg 838w, https:\/\/sevgiatamis.com\/wp-content\/uploads\/2023\/05\/WhatsApp-Image-2023-05-17-at-12.01.05-246x300.jpeg 246w, https:\/\/sevgiatamis.com\/wp-content\/uploads\/2023\/05\/WhatsApp-Image-2023-05-17-at-12.01.05-768x938.jpeg 768w, https:\/\/sevgiatamis.com\/wp-content\/uploads\/2023\/05\/WhatsApp-Image-2023-05-17-at-12.01.05-49x60.jpeg 49w, https:\/\/sevgiatamis.com\/wp-content\/uploads\/2023\/05\/WhatsApp-Image-2023-05-17-at-12.01.05.jpeg 1080w\" sizes=\"(max-width: 838px) 100vw, 838px\" \/><\/figure>\n<\/div>\n<\/div>\n\n\n\n<p><\/p>\n\n\n\n<div class=\"wp-block-columns is-layout-flex wp-container-core-columns-layout-17 wp-block-columns-is-layout-flex\">\n<div class=\"wp-block-column is-layout-flow wp-block-column-is-layout-flow\">\n<figure class=\"wp-block-image size-full\"><img loading=\"lazy\" decoding=\"async\" width=\"975\" height=\"753\" src=\"https:\/\/sevgiatamis.com\/wp-content\/uploads\/2023\/10\/d55a176d-f528-4141-9a6e-811b3ce7580e.jpg\" alt=\"\" class=\"wp-image-102\" srcset=\"https:\/\/sevgiatamis.com\/wp-content\/uploads\/2023\/10\/d55a176d-f528-4141-9a6e-811b3ce7580e.jpg 975w, https:\/\/sevgiatamis.com\/wp-content\/uploads\/2023\/10\/d55a176d-f528-4141-9a6e-811b3ce7580e-300x232.jpg 300w, https:\/\/sevgiatamis.com\/wp-content\/uploads\/2023\/10\/d55a176d-f528-4141-9a6e-811b3ce7580e-768x593.jpg 768w, https:\/\/sevgiatamis.com\/wp-content\/uploads\/2023\/10\/d55a176d-f528-4141-9a6e-811b3ce7580e-78x60.jpg 78w\" sizes=\"(max-width: 975px) 100vw, 975px\" \/><\/figure>\n<\/div>\n<\/div>\n\n\n\n<p><strong>Karak\u00f6y de Bahriyeliler<\/strong>  Boyut : 35&#215;50 cm Teknik : Kuru Boya Y\u0131l : 2022<\/p>\n\n\n\n<div class=\"wp-block-columns is-layout-flex wp-container-core-columns-layout-18 wp-block-columns-is-layout-flex\">\n<div class=\"wp-block-column is-layout-flow wp-block-column-is-layout-flow\">\n<figure class=\"wp-block-image size-large\"><img loading=\"lazy\" decoding=\"async\" width=\"829\" height=\"1024\" src=\"https:\/\/sevgiatamis.com\/wp-content\/uploads\/2023\/10\/8db21717-38a1-488c-b458-d8cd67abbc92-1-829x1024.jpg\" alt=\"\" class=\"wp-image-108\" srcset=\"https:\/\/sevgiatamis.com\/wp-content\/uploads\/2023\/10\/8db21717-38a1-488c-b458-d8cd67abbc92-1-829x1024.jpg 829w, https:\/\/sevgiatamis.com\/wp-content\/uploads\/2023\/10\/8db21717-38a1-488c-b458-d8cd67abbc92-1-243x300.jpg 243w, https:\/\/sevgiatamis.com\/wp-content\/uploads\/2023\/10\/8db21717-38a1-488c-b458-d8cd67abbc92-1-768x949.jpg 768w, https:\/\/sevgiatamis.com\/wp-content\/uploads\/2023\/10\/8db21717-38a1-488c-b458-d8cd67abbc92-1-49x60.jpg 49w, https:\/\/sevgiatamis.com\/wp-content\/uploads\/2023\/10\/8db21717-38a1-488c-b458-d8cd67abbc92-1.jpg 1080w\" sizes=\"(max-width: 829px) 100vw, 829px\" \/><\/figure>\n<\/div>\n<\/div>\n\n\n\n<p><strong>Nusretiye Cami<\/strong> 1919  Boyut :35&#215;50 cm Teknik : Mukavva \u00dczerine Kuru Boya Y\u0131l :2022<\/p>\n\n\n\n<p><\/p>\n","protected":false},"excerpt":{"rendered":"<p>Haydarpa\u015fa Gar\u0131 Boyut: 35&#215;50 cm Teknik : Karakalem Y\u0131l : 2019 Rumeli Hisar\u0131 Boyut : 35&#215;50 cm Teknik : Karakalem Y\u0131l : 2020 G\u00f6ksu Nehri Boyut : 35&#215;50 cm Teknik : Karakalem Y\u0131l : 2019 Trabzon Ayasofya Boyut : 35&#215;50 cm Teknik : Karakalem Y\u0131l : 2019 Topkap\u0131 Saray\u0131 Boyut : 35&#215;50 cm Teknik : &hellip; <\/p>\n","protected":false},"author":1,"featured_media":0,"parent":0,"menu_order":0,"comment_status":"closed","ping_status":"closed","template":"","meta":{"footnotes":""},"_links":{"self":[{"href":"https:\/\/sevgiatamis.com\/index.php?rest_route=\/wp\/v2\/pages\/22"}],"collection":[{"href":"https:\/\/sevgiatamis.com\/index.php?rest_route=\/wp\/v2\/pages"}],"about":[{"href":"https:\/\/sevgiatamis.com\/index.php?rest_route=\/wp\/v2\/types\/page"}],"author":[{"embeddable":true,"href":"https:\/\/sevgiatamis.com\/index.php?rest_route=\/wp\/v2\/users\/1"}],"replies":[{"embeddable":true,"href":"https:\/\/sevgiatamis.com\/index.php?rest_route=%2Fwp%2Fv2%2Fcomments&post=22"}],"version-history":[{"count":14,"href":"https:\/\/sevgiatamis.com\/index.php?rest_route=\/wp\/v2\/pages\/22\/revisions"}],"predecessor-version":[{"id":121,"href":"https:\/\/sevgiatamis.com\/index.php?rest_route=\/wp\/v2\/pages\/22\/revisions\/121"}],"wp:attachment":[{"href":"https:\/\/sevgiatamis.com\/index.php?rest_route=%2Fwp%2Fv2%2Fmedia&parent=22"}],"curies":[{"name":"wp","href":"https:\/\/api.w.org\/{rel}","templated":true}]}}