{"id":258,"date":"2024-06-05T10:37:53","date_gmt":"2024-06-05T09:37:53","guid":{"rendered":"https:\/\/sevgiatamis.com\/?page_id=258"},"modified":"2024-06-06T14:45:43","modified_gmt":"2024-06-06T13:45:43","slug":"cesmeler","status":"publish","type":"page","link":"https:\/\/sevgiatamis.com\/?page_id=258","title":{"rendered":"\u00c7e\u015fmeler"},"content":{"rendered":"\n<div class=\"wp-block-columns is-layout-flex wp-container-core-columns-layout-1 wp-block-columns-is-layout-flex\">\n<div class=\"wp-block-column is-layout-flow wp-block-column-is-layout-flow\" style=\"flex-basis:38.2%\">\n<figure class=\"wp-block-image size-full\"><img loading=\"lazy\" decoding=\"async\" width=\"351\" height=\"681\" src=\"https:\/\/sevgiatamis.com\/wp-content\/uploads\/2024\/06\/Sevgi-nk-0017-Edirnekapi-Sehitligi-Selsebili_kucuk.jpg\" alt=\"\" class=\"wp-image-259\" srcset=\"https:\/\/sevgiatamis.com\/wp-content\/uploads\/2024\/06\/Sevgi-nk-0017-Edirnekapi-Sehitligi-Selsebili_kucuk.jpg 351w, https:\/\/sevgiatamis.com\/wp-content\/uploads\/2024\/06\/Sevgi-nk-0017-Edirnekapi-Sehitligi-Selsebili_kucuk-155x300.jpg 155w, https:\/\/sevgiatamis.com\/wp-content\/uploads\/2024\/06\/Sevgi-nk-0017-Edirnekapi-Sehitligi-Selsebili_kucuk-31x60.jpg 31w\" sizes=\"(max-width: 351px) 100vw, 351px\" \/><\/figure>\n\n\n\n<p>Edirnekap\u0131 \u015eehitli\u011fi Selsebili \/ 15X30 cm                   Ka\u011f\u0131t \u00dczerine Kuru Boya \/ 2024<\/p>\n<\/div>\n\n\n\n<div class=\"wp-block-column is-layout-flow wp-block-column-is-layout-flow\" style=\"flex-basis:32.9%\">\n<figure class=\"wp-block-image size-full\"><img loading=\"lazy\" decoding=\"async\" width=\"354\" height=\"800\" src=\"https:\/\/sevgiatamis.com\/wp-content\/uploads\/2024\/06\/kucuk-2.jpg\" alt=\"\" class=\"wp-image-262\" srcset=\"https:\/\/sevgiatamis.com\/wp-content\/uploads\/2024\/06\/kucuk-2.jpg 354w, https:\/\/sevgiatamis.com\/wp-content\/uploads\/2024\/06\/kucuk-2-133x300.jpg 133w, https:\/\/sevgiatamis.com\/wp-content\/uploads\/2024\/06\/kucuk-2-27x60.jpg 27w\" sizes=\"(max-width: 354px) 100vw, 354px\" \/><\/figure>\n\n\n\n<p>Be\u015fir A\u011fa \u00c7e\u015fmesi \/ 8,22,5 cm \/   Ka\u011f\u0131t \u00dczerine Kuru Boya \/ 2024<\/p>\n<\/div>\n\n\n\n<div class=\"wp-block-column is-layout-flow wp-block-column-is-layout-flow\" style=\"flex-basis:26.8%\">\n<figure class=\"wp-block-image size-full\"><img loading=\"lazy\" decoding=\"async\" width=\"288\" height=\"800\" src=\"https:\/\/sevgiatamis.com\/wp-content\/uploads\/2024\/06\/kucuk-3.jpg\" alt=\"\" class=\"wp-image-263\" srcset=\"https:\/\/sevgiatamis.com\/wp-content\/uploads\/2024\/06\/kucuk-3.jpg 288w, https:\/\/sevgiatamis.com\/wp-content\/uploads\/2024\/06\/kucuk-3-108x300.jpg 108w, https:\/\/sevgiatamis.com\/wp-content\/uploads\/2024\/06\/kucuk-3-22x60.jpg 22w\" sizes=\"(max-width: 288px) 100vw, 288px\" \/><\/figure>\n\n\n\n<p>  Patrikhane \u00c7e\u015fmesi \/ 15&#215;30 cm \/ Ka\u011f\u0131t \u00dczerine Kuru Boya \/ 2024<\/p>\n<\/div>\n<\/div>\n\n\n\n<p><\/p>\n\n\n\n<div class=\"wp-block-columns is-layout-flex wp-container-core-columns-layout-2 wp-block-columns-is-layout-flex\">\n<div class=\"wp-block-column is-layout-flow wp-block-column-is-layout-flow\" style=\"flex-basis:50%\">\n<figure class=\"wp-block-image size-full\"><img loading=\"lazy\" decoding=\"async\" width=\"800\" height=\"644\" src=\"https:\/\/sevgiatamis.com\/wp-content\/uploads\/2024\/06\/kucuk4.jpg\" alt=\"\" class=\"wp-image-270\" srcset=\"https:\/\/sevgiatamis.com\/wp-content\/uploads\/2024\/06\/kucuk4.jpg 800w, https:\/\/sevgiatamis.com\/wp-content\/uploads\/2024\/06\/kucuk4-300x242.jpg 300w, https:\/\/sevgiatamis.com\/wp-content\/uploads\/2024\/06\/kucuk4-768x618.jpg 768w, https:\/\/sevgiatamis.com\/wp-content\/uploads\/2024\/06\/kucuk4-75x60.jpg 75w\" sizes=\"(max-width: 800px) 100vw, 800px\" \/><\/figure>\n\n\n\n<p>Abd\u00fclhamid Han Sebili ve \u00c7e\u015fmesi \/ 21&#215;24 cm \/ Mukavva \u00dczerine Kuru Boya \/ 2024<\/p>\n<\/div>\n\n\n\n<div class=\"wp-block-column is-layout-flow wp-block-column-is-layout-flow\" style=\"flex-basis:49%\">\n<figure class=\"wp-block-image size-full\"><img loading=\"lazy\" decoding=\"async\" width=\"800\" height=\"655\" src=\"https:\/\/sevgiatamis.com\/wp-content\/uploads\/2024\/06\/kucuk5.jpg\" alt=\"\" class=\"wp-image-272\" srcset=\"https:\/\/sevgiatamis.com\/wp-content\/uploads\/2024\/06\/kucuk5.jpg 800w, https:\/\/sevgiatamis.com\/wp-content\/uploads\/2024\/06\/kucuk5-300x246.jpg 300w, https:\/\/sevgiatamis.com\/wp-content\/uploads\/2024\/06\/kucuk5-768x629.jpg 768w, https:\/\/sevgiatamis.com\/wp-content\/uploads\/2024\/06\/kucuk5-73x60.jpg 73w\" sizes=\"(max-width: 800px) 100vw, 800px\" \/><\/figure>\n\n\n\n<p>Hac\u0131 Mehmet Emin A\u011fa Sebili ve \u00c7e\u015fmesi \/ 21&#215;24 cm \/ Mukavva \u00dczerine Kuru Boya \/ 2024<\/p>\n<\/div>\n<\/div>\n\n\n\n<div class=\"wp-block-columns is-layout-flex wp-container-core-columns-layout-3 wp-block-columns-is-layout-flex\">\n<div class=\"wp-block-column is-layout-flow wp-block-column-is-layout-flow\" style=\"flex-basis:52.2%\">\n<figure class=\"wp-block-image size-full\"><img loading=\"lazy\" decoding=\"async\" width=\"609\" height=\"800\" src=\"https:\/\/sevgiatamis.com\/wp-content\/uploads\/2024\/06\/kucuk6.jpg\" alt=\"\" class=\"wp-image-275\" srcset=\"https:\/\/sevgiatamis.com\/wp-content\/uploads\/2024\/06\/kucuk6.jpg 609w, https:\/\/sevgiatamis.com\/wp-content\/uploads\/2024\/06\/kucuk6-228x300.jpg 228w, https:\/\/sevgiatamis.com\/wp-content\/uploads\/2024\/06\/kucuk6-46x60.jpg 46w\" sizes=\"(max-width: 609px) 100vw, 609px\" \/><\/figure>\n\n\n\n<p>Galata Hamidiye \u00c7e\u015fmesi \/ 36X47 cm \/ Fon Kartonu \u00dczerine Kuru Boya \/ 2024<\/p>\n<\/div>\n\n\n\n<div class=\"wp-block-column is-layout-flow wp-block-column-is-layout-flow\" style=\"flex-basis:46.7%\">\n<figure class=\"wp-block-image size-full\"><img loading=\"lazy\" decoding=\"async\" width=\"545\" height=\"800\" src=\"https:\/\/sevgiatamis.com\/wp-content\/uploads\/2024\/06\/kucuk7.jpg\" alt=\"\" class=\"wp-image-276\" srcset=\"https:\/\/sevgiatamis.com\/wp-content\/uploads\/2024\/06\/kucuk7.jpg 545w, https:\/\/sevgiatamis.com\/wp-content\/uploads\/2024\/06\/kucuk7-204x300.jpg 204w, https:\/\/sevgiatamis.com\/wp-content\/uploads\/2024\/06\/kucuk7-41x60.jpg 41w\" sizes=\"(max-width: 545px) 100vw, 545px\" \/><\/figure>\n\n\n\n<p>Kalenderhane Tekkesi \u00c7e\u015fmesi \/ 27,5&#215;40,5 \/ Mukavva \u00dczerine Kuru Boya \/ 2024<\/p>\n<\/div>\n<\/div>\n\n\n\n<div class=\"wp-block-columns is-layout-flex wp-container-core-columns-layout-4 wp-block-columns-is-layout-flex\">\n<div class=\"wp-block-column is-layout-flow wp-block-column-is-layout-flow\" style=\"flex-basis:46%\">\n<figure class=\"wp-block-image size-full\"><img loading=\"lazy\" decoding=\"async\" width=\"639\" height=\"800\" src=\"https:\/\/sevgiatamis.com\/wp-content\/uploads\/2024\/06\/kucuk8.jpg\" alt=\"\" class=\"wp-image-278\" srcset=\"https:\/\/sevgiatamis.com\/wp-content\/uploads\/2024\/06\/kucuk8.jpg 639w, https:\/\/sevgiatamis.com\/wp-content\/uploads\/2024\/06\/kucuk8-240x300.jpg 240w, https:\/\/sevgiatamis.com\/wp-content\/uploads\/2024\/06\/kucuk8-48x60.jpg 48w\" sizes=\"(max-width: 639px) 100vw, 639px\" \/><\/figure>\n\n\n\n<p>Sultan Ahmed Sebili ve \u00c7e\u015fmesi \/ 26,5&#215;33 cm \/ Mukavva \u00dczerine Kuru Boya \/ 2024<\/p>\n<\/div>\n\n\n\n<div class=\"wp-block-column is-layout-flow wp-block-column-is-layout-flow\" style=\"flex-basis:50%\">\n<figure class=\"wp-block-image size-full\"><img loading=\"lazy\" decoding=\"async\" width=\"697\" height=\"800\" src=\"https:\/\/sevgiatamis.com\/wp-content\/uploads\/2024\/06\/kucuk9.jpg\" alt=\"\" class=\"wp-image-279\" style=\"object-fit:cover\" srcset=\"https:\/\/sevgiatamis.com\/wp-content\/uploads\/2024\/06\/kucuk9.jpg 697w, https:\/\/sevgiatamis.com\/wp-content\/uploads\/2024\/06\/kucuk9-261x300.jpg 261w, https:\/\/sevgiatamis.com\/wp-content\/uploads\/2024\/06\/kucuk9-52x60.jpg 52w\" sizes=\"(max-width: 697px) 100vw, 697px\" \/><\/figure>\n\n\n\n<p>Laleli Cami Kap\u0131 \u00c7e\u015fmeleri \/ 20&#215;23 cm \/ Mukavva \u00dczerine Kuru Boya \/ 2024<\/p>\n<\/div>\n<\/div>\n\n\n\n<p><\/p>\n\n\n\n<div class=\"wp-block-columns is-layout-flex wp-container-core-columns-layout-6 wp-block-columns-is-layout-flex\">\n<div class=\"wp-block-column is-layout-flow wp-block-column-is-layout-flow\" style=\"flex-basis:50.4%\">\n<figure class=\"wp-block-image size-full\"><img loading=\"lazy\" decoding=\"async\" width=\"800\" height=\"667\" src=\"https:\/\/sevgiatamis.com\/wp-content\/uploads\/2024\/06\/kucuk10.jpg\" alt=\"\" class=\"wp-image-286\" srcset=\"https:\/\/sevgiatamis.com\/wp-content\/uploads\/2024\/06\/kucuk10.jpg 800w, https:\/\/sevgiatamis.com\/wp-content\/uploads\/2024\/06\/kucuk10-300x250.jpg 300w, https:\/\/sevgiatamis.com\/wp-content\/uploads\/2024\/06\/kucuk10-768x640.jpg 768w, https:\/\/sevgiatamis.com\/wp-content\/uploads\/2024\/06\/kucuk10-72x60.jpg 72w\" sizes=\"(max-width: 800px) 100vw, 800px\" \/><\/figure>\n\n\n\n<p>Azapkap\u0131 Saliha Sultan \u00c7e\u015fmesi \/ 20,5&#215;24,5 cm \/ Mukavva \u00dczerine Kuru Boya \/ 2024<\/p>\n<\/div>\n\n\n\n<div class=\"wp-block-column is-layout-flow wp-block-column-is-layout-flow\" style=\"flex-basis:48.5%\">\n<figure class=\"wp-block-image size-full\"><img loading=\"lazy\" decoding=\"async\" width=\"800\" height=\"693\" src=\"https:\/\/sevgiatamis.com\/wp-content\/uploads\/2024\/06\/kucuk-11.jpg\" alt=\"\" class=\"wp-image-287\" srcset=\"https:\/\/sevgiatamis.com\/wp-content\/uploads\/2024\/06\/kucuk-11.jpg 800w, https:\/\/sevgiatamis.com\/wp-content\/uploads\/2024\/06\/kucuk-11-300x260.jpg 300w, https:\/\/sevgiatamis.com\/wp-content\/uploads\/2024\/06\/kucuk-11-768x665.jpg 768w, https:\/\/sevgiatamis.com\/wp-content\/uploads\/2024\/06\/kucuk-11-69x60.jpg 69w\" sizes=\"(max-width: 800px) 100vw, 800px\" \/><\/figure>\n\n\n\n<p>Bezmialem Valide Sultan \u00c7e\u015fmesi \/ 25,5&#215;29 cm \/ Mukavva \u00dczerine Kuru Boya \/ 2024<\/p>\n\n\n\n<div class=\"wp-block-columns is-layout-flex wp-container-core-columns-layout-5 wp-block-columns-is-layout-flex\">\n<div class=\"wp-block-column is-layout-flow wp-block-column-is-layout-flow\"><\/div>\n\n\n\n<div class=\"wp-block-column is-layout-flow wp-block-column-is-layout-flow\"><\/div>\n<\/div>\n<\/div>\n<\/div>\n\n\n\n<div class=\"wp-block-columns is-layout-flex wp-container-core-columns-layout-7 wp-block-columns-is-layout-flex\">\n<div class=\"wp-block-column is-layout-flow wp-block-column-is-layout-flow\" style=\"flex-basis:50%\">\n<figure class=\"wp-block-image size-full\"><img loading=\"lazy\" decoding=\"async\" width=\"504\" height=\"752\" src=\"https:\/\/sevgiatamis.com\/wp-content\/uploads\/2024\/06\/kucuk-12.jpg\" alt=\"\" class=\"wp-image-290\" srcset=\"https:\/\/sevgiatamis.com\/wp-content\/uploads\/2024\/06\/kucuk-12.jpg 504w, https:\/\/sevgiatamis.com\/wp-content\/uploads\/2024\/06\/kucuk-12-201x300.jpg 201w, https:\/\/sevgiatamis.com\/wp-content\/uploads\/2024\/06\/kucuk-12-40x60.jpg 40w\" sizes=\"(max-width: 504px) 100vw, 504px\" \/><\/figure>\n\n\n\n<p>Kazl\u0131 \u00c7e\u015fme \/ 20&#215;28 cm \/ Karton \u00dczerine Kuru Boya \/ 2024<\/p>\n<\/div>\n\n\n\n<div class=\"wp-block-column is-layout-flow wp-block-column-is-layout-flow\" style=\"flex-basis:53%\">\n<figure class=\"wp-block-image size-full\"><img loading=\"lazy\" decoding=\"async\" width=\"569\" height=\"800\" src=\"https:\/\/sevgiatamis.com\/wp-content\/uploads\/2024\/06\/kucuk13.jpg\" alt=\"\" class=\"wp-image-292\" srcset=\"https:\/\/sevgiatamis.com\/wp-content\/uploads\/2024\/06\/kucuk13.jpg 569w, https:\/\/sevgiatamis.com\/wp-content\/uploads\/2024\/06\/kucuk13-213x300.jpg 213w, https:\/\/sevgiatamis.com\/wp-content\/uploads\/2024\/06\/kucuk13-43x60.jpg 43w\" sizes=\"(max-width: 569px) 100vw, 569px\" \/><\/figure>\n\n\n\n<p>Poligon \u00c7e\u015fmesi \/ 20&#215;28 cm \/ Karton \u00dczerine Kuru Boya \/ 2024<\/p>\n<\/div>\n<\/div>\n\n\n\n<div class=\"wp-block-columns is-layout-flex wp-container-core-columns-layout-8 wp-block-columns-is-layout-flex\">\n<div class=\"wp-block-column is-layout-flow wp-block-column-is-layout-flow\" style=\"flex-basis:50%\">\n<figure class=\"wp-block-image size-full\"><img loading=\"lazy\" decoding=\"async\" width=\"800\" height=\"627\" src=\"https:\/\/sevgiatamis.com\/wp-content\/uploads\/2024\/06\/kucuk-14.jpg\" alt=\"\" class=\"wp-image-294\" srcset=\"https:\/\/sevgiatamis.com\/wp-content\/uploads\/2024\/06\/kucuk-14.jpg 800w, https:\/\/sevgiatamis.com\/wp-content\/uploads\/2024\/06\/kucuk-14-300x235.jpg 300w, https:\/\/sevgiatamis.com\/wp-content\/uploads\/2024\/06\/kucuk-14-768x602.jpg 768w, https:\/\/sevgiatamis.com\/wp-content\/uploads\/2024\/06\/kucuk-14-77x60.jpg 77w\" sizes=\"(max-width: 800px) 100vw, 800px\" \/><\/figure>\n\n\n\n<p>III. Ahmet \u00c7e\u015fmesi \/ 26&#215;36 cm \/ Fon Kartonu \u00dczerine Kuru Boya \/ 2024<\/p>\n<\/div>\n\n\n\n<div class=\"wp-block-column is-layout-flow wp-block-column-is-layout-flow\" style=\"flex-basis:55%\">\n<figure class=\"wp-block-image size-full\"><img loading=\"lazy\" decoding=\"async\" width=\"800\" height=\"570\" src=\"https:\/\/sevgiatamis.com\/wp-content\/uploads\/2024\/06\/kucuk-15.jpg\" alt=\"\" class=\"wp-image-295\" srcset=\"https:\/\/sevgiatamis.com\/wp-content\/uploads\/2024\/06\/kucuk-15.jpg 800w, https:\/\/sevgiatamis.com\/wp-content\/uploads\/2024\/06\/kucuk-15-300x214.jpg 300w, https:\/\/sevgiatamis.com\/wp-content\/uploads\/2024\/06\/kucuk-15-768x547.jpg 768w, https:\/\/sevgiatamis.com\/wp-content\/uploads\/2024\/06\/kucuk-15-84x60.jpg 84w\" sizes=\"(max-width: 800px) 100vw, 800px\" \/><\/figure>\n\n\n\n<p>Maltepe Be\u015f\u00e7e\u015fmeler \/ 20&#215;28 cm \/ 5 mm Mdf \u00dczerine Kuru Boya \/ 2024<\/p>\n<\/div>\n<\/div>\n\n\n\n<div class=\"wp-block-columns is-layout-flex wp-container-core-columns-layout-9 wp-block-columns-is-layout-flex\">\n<div class=\"wp-block-column is-layout-flow wp-block-column-is-layout-flow\" style=\"flex-basis:50%\">\n<figure class=\"wp-block-image size-full\"><img loading=\"lazy\" decoding=\"async\" width=\"553\" height=\"800\" src=\"https:\/\/sevgiatamis.com\/wp-content\/uploads\/2024\/06\/kucuk20.jpg\" alt=\"\" class=\"wp-image-298\" srcset=\"https:\/\/sevgiatamis.com\/wp-content\/uploads\/2024\/06\/kucuk20.jpg 553w, https:\/\/sevgiatamis.com\/wp-content\/uploads\/2024\/06\/kucuk20-207x300.jpg 207w, https:\/\/sevgiatamis.com\/wp-content\/uploads\/2024\/06\/kucuk20-41x60.jpg 41w\" sizes=\"(max-width: 553px) 100vw, 553px\" \/><\/figure>\n\n\n\n<p>Bereketzade \u00c7e\u015fmesi \/ 27&#215;39 cm \/ Karton \u00dczerine Kuru Boya ve Akrilik Airbrush \/ 2024<\/p>\n<\/div>\n\n\n\n<div class=\"wp-block-column is-layout-flow wp-block-column-is-layout-flow\" style=\"flex-basis:53.6%\">\n<figure class=\"wp-block-image size-full\"><img loading=\"lazy\" decoding=\"async\" width=\"593\" height=\"800\" src=\"https:\/\/sevgiatamis.com\/wp-content\/uploads\/2024\/06\/kucuk-16.jpg\" alt=\"\" class=\"wp-image-299\" srcset=\"https:\/\/sevgiatamis.com\/wp-content\/uploads\/2024\/06\/kucuk-16.jpg 593w, https:\/\/sevgiatamis.com\/wp-content\/uploads\/2024\/06\/kucuk-16-222x300.jpg 222w, https:\/\/sevgiatamis.com\/wp-content\/uploads\/2024\/06\/kucuk-16-44x60.jpg 44w\" sizes=\"(max-width: 593px) 100vw, 593px\" \/><\/figure>\n\n\n\n<p>Sultan Ahmed Sebili ve \u00c7e\u015fmesi \/ 30&#215;40 cm \/ Mukavva \u00dczerine Kuru Boya \/ 2024<\/p>\n<\/div>\n<\/div>\n\n\n\n<div class=\"wp-block-columns is-layout-flex wp-container-core-columns-layout-10 wp-block-columns-is-layout-flex\">\n<div class=\"wp-block-column is-layout-flow wp-block-column-is-layout-flow\" style=\"flex-basis:50%\">\n<figure class=\"wp-block-image size-full\"><img loading=\"lazy\" decoding=\"async\" width=\"713\" height=\"800\" src=\"https:\/\/sevgiatamis.com\/wp-content\/uploads\/2024\/06\/kucuk-22.jpg\" alt=\"\" class=\"wp-image-302\" srcset=\"https:\/\/sevgiatamis.com\/wp-content\/uploads\/2024\/06\/kucuk-22.jpg 713w, https:\/\/sevgiatamis.com\/wp-content\/uploads\/2024\/06\/kucuk-22-267x300.jpg 267w, https:\/\/sevgiatamis.com\/wp-content\/uploads\/2024\/06\/kucuk-22-53x60.jpg 53w\" sizes=\"(max-width: 713px) 100vw, 713px\" \/><\/figure>\n\n\n\n<p>Ey\u00fcpzade \u015e\u00fckr\u00fc Bey \u00c7e\u015fmesi \/ 21&#215;23,5 cm \/ Mukavva \u00dczerine Kuru Boya \/ 2024<\/p>\n<\/div>\n\n\n\n<div class=\"wp-block-column is-layout-flow wp-block-column-is-layout-flow\" style=\"flex-basis:63%\">\n<figure class=\"wp-block-image size-full\"><img loading=\"lazy\" decoding=\"async\" width=\"792\" height=\"703\" src=\"https:\/\/sevgiatamis.com\/wp-content\/uploads\/2024\/06\/kucuk-21.jpg\" alt=\"\" class=\"wp-image-304\" srcset=\"https:\/\/sevgiatamis.com\/wp-content\/uploads\/2024\/06\/kucuk-21.jpg 792w, https:\/\/sevgiatamis.com\/wp-content\/uploads\/2024\/06\/kucuk-21-300x266.jpg 300w, https:\/\/sevgiatamis.com\/wp-content\/uploads\/2024\/06\/kucuk-21-768x682.jpg 768w, https:\/\/sevgiatamis.com\/wp-content\/uploads\/2024\/06\/kucuk-21-68x60.jpg 68w\" sizes=\"(max-width: 792px) 100vw, 792px\" \/><\/figure>\n\n\n\n<p>Mihri\u015fah Valide Sultan \u00c7e\u015fmesi \/ 25&#215;28 cm \/ Fon Kartonu \u00dczerine Kuru Boya \/ 2024<\/p>\n<\/div>\n<\/div>\n\n\n\n<div class=\"wp-block-columns is-layout-flex wp-container-core-columns-layout-11 wp-block-columns-is-layout-flex\">\n<div class=\"wp-block-column is-layout-flow wp-block-column-is-layout-flow\" style=\"flex-basis:52%\">\n<figure class=\"wp-block-image size-large\"><img loading=\"lazy\" decoding=\"async\" width=\"1024\" height=\"841\" src=\"https:\/\/sevgiatamis.com\/wp-content\/uploads\/2024\/06\/kucuk-28-1024x841.jpg\" alt=\"\" class=\"wp-image-310\" srcset=\"https:\/\/sevgiatamis.com\/wp-content\/uploads\/2024\/06\/kucuk-28-1024x841.jpg 1024w, https:\/\/sevgiatamis.com\/wp-content\/uploads\/2024\/06\/kucuk-28-300x246.jpg 300w, https:\/\/sevgiatamis.com\/wp-content\/uploads\/2024\/06\/kucuk-28-768x631.jpg 768w, https:\/\/sevgiatamis.com\/wp-content\/uploads\/2024\/06\/kucuk-28-1536x1262.jpg 1536w, https:\/\/sevgiatamis.com\/wp-content\/uploads\/2024\/06\/kucuk-28-2048x1683.jpg 2048w, https:\/\/sevgiatamis.com\/wp-content\/uploads\/2024\/06\/kucuk-28-73x60.jpg 73w\" sizes=\"(max-width: 1024px) 100vw, 1024px\" \/><\/figure>\n\n\n\n<p>Ayr\u0131l\u0131k \u00c7e\u015fmesi \/ 21&#215;26 cm \/ Mukavva \u00dczerine Kuru Boya ve Aklilik Airbrush \/ 2024<\/p>\n<\/div>\n\n\n\n<div class=\"wp-block-column is-layout-flow wp-block-column-is-layout-flow\" style=\"flex-basis:50%\">\n<figure class=\"wp-block-image size-full\"><img loading=\"lazy\" decoding=\"async\" width=\"735\" height=\"696\" src=\"https:\/\/sevgiatamis.com\/wp-content\/uploads\/2024\/06\/kucuk-24.jpg\" alt=\"\" class=\"wp-image-312\" srcset=\"https:\/\/sevgiatamis.com\/wp-content\/uploads\/2024\/06\/kucuk-24.jpg 735w, https:\/\/sevgiatamis.com\/wp-content\/uploads\/2024\/06\/kucuk-24-300x284.jpg 300w, https:\/\/sevgiatamis.com\/wp-content\/uploads\/2024\/06\/kucuk-24-63x60.jpg 63w\" sizes=\"(max-width: 735px) 100vw, 735px\" \/><\/figure>\n\n\n\n<p>Sultan III. Ahmed \u00c7e\u015fmesi \/ Ka\u011f\u0131t \u00dczerine Sulu Boya \/ 10&#215;9 cm \/ 2024 <\/p>\n<\/div>\n<\/div>\n","protected":false},"excerpt":{"rendered":"<p>Edirnekap\u0131 \u015eehitli\u011fi Selsebili \/ 15X30 cm Ka\u011f\u0131t \u00dczerine Kuru Boya \/ 2024 Be\u015fir A\u011fa \u00c7e\u015fmesi \/ 8,22,5 cm \/ Ka\u011f\u0131t \u00dczerine Kuru Boya \/ 2024 Patrikhane \u00c7e\u015fmesi \/ 15&#215;30 cm \/ Ka\u011f\u0131t \u00dczerine Kuru Boya \/ 2024 Abd\u00fclhamid Han Sebili ve \u00c7e\u015fmesi \/ 21&#215;24 cm \/ Mukavva \u00dczerine Kuru Boya \/ 2024 Hac\u0131 Mehmet Emin &hellip; <\/p>\n","protected":false},"author":1,"featured_media":0,"parent":0,"menu_order":0,"comment_status":"closed","ping_status":"closed","template":"","meta":{"footnotes":""},"_links":{"self":[{"href":"https:\/\/sevgiatamis.com\/index.php?rest_route=\/wp\/v2\/pages\/258"}],"collection":[{"href":"https:\/\/sevgiatamis.com\/index.php?rest_route=\/wp\/v2\/pages"}],"about":[{"href":"https:\/\/sevgiatamis.com\/index.php?rest_route=\/wp\/v2\/types\/page"}],"author":[{"embeddable":true,"href":"https:\/\/sevgiatamis.com\/index.php?rest_route=\/wp\/v2\/users\/1"}],"replies":[{"embeddable":true,"href":"https:\/\/sevgiatamis.com\/index.php?rest_route=%2Fwp%2Fv2%2Fcomments&post=258"}],"version-history":[{"count":20,"href":"https:\/\/sevgiatamis.com\/index.php?rest_route=\/wp\/v2\/pages\/258\/revisions"}],"predecessor-version":[{"id":328,"href":"https:\/\/sevgiatamis.com\/index.php?rest_route=\/wp\/v2\/pages\/258\/revisions\/328"}],"wp:attachment":[{"href":"https:\/\/sevgiatamis.com\/index.php?rest_route=%2Fwp%2Fv2%2Fmedia&parent=258"}],"curies":[{"name":"wp","href":"https:\/\/api.w.org\/{rel}","templated":true}]}}